{"id":8996,"date":"2022-05-25T17:47:19","date_gmt":"2022-05-25T15:47:19","guid":{"rendered":"https:\/\/www.dierre.com\/salone-del-mobile\/"},"modified":"2022-05-25T17:47:19","modified_gmt":"2022-05-25T15:47:19","slug":"salone-del-mobile","status":"publish","type":"page","link":"https:\/\/www.dierre.com\/en\/salone-del-mobile\/","title":{"rendered":"Salone del mobile"},"content":{"rendered":"<h3>Lo spazio che abita dentro di noi.<\/h3>\n<h3><em>La casa \u00e8 lo specchio della nostra anima. La porta ne delinea il carattere. <\/em><\/h3>\n<p>Al Fuorisalone 2022 Dierre lancia Dierremag, il nuovo magazine sull\u2019abitare contemporaneo.<\/p>\n<p>La casa diventa il nuovo paradigma del comfort. La nuova normalit\u00e0 ha fatto emergere il bisogno di spazi interni pi\u00f9 ampi e diversamente organizzati, in grado di offrire comodit\u00e0, sicurezza e una nuova privacy. Una piccola rivoluzione copernicana in cui porte e divisioni interne tornano a essere centrali.<\/p>\n","protected":false},"excerpt":{"rendered":"<p>Lo spazio che abita dentro di noi. La casa \u00e8 lo specchio della nostra anima. La porta ne delinea il carattere. Al Fuorisalone 2022 Dierre lancia Dierremag, il nuovo magazine sull\u2019abitare contemporaneo. La casa diventa il nuovo paradigma del comfort. La nuova normalit\u00e0 ha fatto emergere il bisogno di spazi interni pi\u00f9 ampi e diversamente <a href=\"https:\/\/www.dierre.com\/en\/salone-del-mobile\/\" class=\"more-link\">&#8230;<\/a><\/p>\n","protected":false},"author":1,"featured_media":5804,"parent":0,"menu_order":0,"comment_status":"closed","ping_status":"closed","template":"template-landing-singolo-prodotto.php","meta":{"_acf_changed":false,"footnotes":""},"class_list":["post-8996","page","type-page","status-publish","has-post-thumbnail","hentry"],"acf":[],"yoast_head":"<!-- This site is optimized with the Yoast SEO plugin v26.7 - https:\/\/yoast.com\/wordpress\/plugins\/seo\/ -->\n<title>Salone del mobile - Dierre<\/title>\n<meta name=\"robots\" content=\"index, follow, max-snippet:-1, max-image-preview:large, max-video-preview:-1\" \/>\n<link rel=\"canonical\" href=\"https:\/\/www.dierre.com\/en\/salone-del-mobile\/\" \/>\n<meta property=\"og:locale\" content=\"en_US\" \/>\n<meta property=\"og:type\" content=\"article\" \/>\n<meta property=\"og:title\" content=\"Salone del mobile - Dierre\" \/>\n<meta property=\"og:description\" content=\"Lo spazio che abita dentro di noi. La casa \u00e8 lo specchio della nostra anima. La porta ne delinea il carattere. Al Fuorisalone 2022 Dierre lancia Dierremag, il nuovo magazine sull\u2019abitare contemporaneo. La casa diventa il nuovo paradigma del comfort. La nuova normalit\u00e0 ha fatto emergere il bisogno di spazi interni pi\u00f9 ampi e diversamente ...\" \/>\n<meta property=\"og:url\" content=\"https:\/\/www.dierre.com\/en\/salone-del-mobile\/\" \/>\n<meta property=\"og:site_name\" content=\"Dierre\" \/>\n<meta property=\"og:image\" content=\"https:\/\/www.dierre.com\/wp-content\/uploads\/2022\/05\/cover-dierre-magazine-maggio2022.jpg\" \/>\n\t<meta property=\"og:image:width\" content=\"1920\" \/>\n\t<meta property=\"og:image:height\" content=\"800\" \/>\n\t<meta property=\"og:image:type\" content=\"image\/jpeg\" \/>\n<meta name=\"twitter:card\" content=\"summary_large_image\" \/>\n<meta name=\"twitter:label1\" content=\"Est. reading time\" \/>\n\t<meta name=\"twitter:data1\" content=\"1 minute\" \/>\n<script type=\"application\/ld+json\" class=\"yoast-schema-graph\">{\"@context\":\"https:\/\/schema.org\",\"@graph\":[{\"@type\":\"WebPage\",\"@id\":\"https:\/\/www.dierre.com\/en\/salone-del-mobile\/\",\"url\":\"https:\/\/www.dierre.com\/en\/salone-del-mobile\/\",\"name\":\"Salone del mobile - Dierre\",\"isPartOf\":{\"@id\":\"https:\/\/www.dierre.com\/#website\"},\"primaryImageOfPage\":{\"@id\":\"https:\/\/www.dierre.com\/en\/salone-del-mobile\/#primaryimage\"},\"image\":{\"@id\":\"https:\/\/www.dierre.com\/en\/salone-del-mobile\/#primaryimage\"},\"thumbnailUrl\":\"https:\/\/www.dierre.com\/wp-content\/uploads\/2022\/05\/cover-dierre-magazine-maggio2022.jpg\",\"datePublished\":\"2022-05-25T15:47:19+00:00\",\"breadcrumb\":{\"@id\":\"https:\/\/www.dierre.com\/en\/salone-del-mobile\/#breadcrumb\"},\"inLanguage\":\"en-US\",\"potentialAction\":[{\"@type\":\"ReadAction\",\"target\":[\"https:\/\/www.dierre.com\/en\/salone-del-mobile\/\"]}]},{\"@type\":\"ImageObject\",\"inLanguage\":\"en-US\",\"@id\":\"https:\/\/www.dierre.com\/en\/salone-del-mobile\/#primaryimage\",\"url\":\"https:\/\/www.dierre.com\/wp-content\/uploads\/2022\/05\/cover-dierre-magazine-maggio2022.jpg\",\"contentUrl\":\"https:\/\/www.dierre.com\/wp-content\/uploads\/2022\/05\/cover-dierre-magazine-maggio2022.jpg\",\"width\":1920,\"height\":800},{\"@type\":\"BreadcrumbList\",\"@id\":\"https:\/\/www.dierre.com\/en\/salone-del-mobile\/#breadcrumb\",\"itemListElement\":[{\"@type\":\"ListItem\",\"position\":1,\"name\":\"Home\",\"item\":\"https:\/\/www.dierre.com\/en\/\"},{\"@type\":\"ListItem\",\"position\":2,\"name\":\"Salone del mobile\"}]},{\"@type\":\"WebSite\",\"@id\":\"https:\/\/www.dierre.com\/#website\",\"url\":\"https:\/\/www.dierre.com\/\",\"name\":\"Dierre\",\"description\":\"\",\"publisher\":{\"@id\":\"https:\/\/www.dierre.com\/#organization\"},\"potentialAction\":[{\"@type\":\"SearchAction\",\"target\":{\"@type\":\"EntryPoint\",\"urlTemplate\":\"https:\/\/www.dierre.com\/?s={search_term_string}\"},\"query-input\":{\"@type\":\"PropertyValueSpecification\",\"valueRequired\":true,\"valueName\":\"search_term_string\"}}],\"inLanguage\":\"en-US\"},{\"@type\":\"Organization\",\"@id\":\"https:\/\/www.dierre.com\/#organization\",\"name\":\"Dierre\",\"url\":\"https:\/\/www.dierre.com\/\",\"logo\":{\"@type\":\"ImageObject\",\"inLanguage\":\"en-US\",\"@id\":\"https:\/\/www.dierre.com\/#\/schema\/logo\/image\/\",\"url\":\"https:\/\/www.dierre.com\/wp-content\/uploads\/2023\/08\/dierre_organisation_logo.jpeg\",\"contentUrl\":\"https:\/\/www.dierre.com\/wp-content\/uploads\/2023\/08\/dierre_organisation_logo.jpeg\",\"width\":696,\"height\":696,\"caption\":\"Dierre\"},\"image\":{\"@id\":\"https:\/\/www.dierre.com\/#\/schema\/logo\/image\/\"}}]}<\/script>\n<!-- \/ Yoast SEO plugin. -->","yoast_head_json":{"title":"Salone del mobile - Dierre","robots":{"index":"index","follow":"follow","max-snippet":"max-snippet:-1","max-image-preview":"max-image-preview:large","max-video-preview":"max-video-preview:-1"},"canonical":"https:\/\/www.dierre.com\/en\/salone-del-mobile\/","og_locale":"en_US","og_type":"article","og_title":"Salone del mobile - Dierre","og_description":"Lo spazio che abita dentro di noi. La casa \u00e8 lo specchio della nostra anima. La porta ne delinea il carattere. Al Fuorisalone 2022 Dierre lancia Dierremag, il nuovo magazine sull\u2019abitare contemporaneo. La casa diventa il nuovo paradigma del comfort. La nuova normalit\u00e0 ha fatto emergere il bisogno di spazi interni pi\u00f9 ampi e diversamente ...","og_url":"https:\/\/www.dierre.com\/en\/salone-del-mobile\/","og_site_name":"Dierre","og_image":[{"width":1920,"height":800,"url":"https:\/\/www.dierre.com\/wp-content\/uploads\/2022\/05\/cover-dierre-magazine-maggio2022.jpg","type":"image\/jpeg"}],"twitter_card":"summary_large_image","twitter_misc":{"Est. reading time":"1 minute"},"schema":{"@context":"https:\/\/schema.org","@graph":[{"@type":"WebPage","@id":"https:\/\/www.dierre.com\/en\/salone-del-mobile\/","url":"https:\/\/www.dierre.com\/en\/salone-del-mobile\/","name":"Salone del mobile - Dierre","isPartOf":{"@id":"https:\/\/www.dierre.com\/#website"},"primaryImageOfPage":{"@id":"https:\/\/www.dierre.com\/en\/salone-del-mobile\/#primaryimage"},"image":{"@id":"https:\/\/www.dierre.com\/en\/salone-del-mobile\/#primaryimage"},"thumbnailUrl":"https:\/\/www.dierre.com\/wp-content\/uploads\/2022\/05\/cover-dierre-magazine-maggio2022.jpg","datePublished":"2022-05-25T15:47:19+00:00","breadcrumb":{"@id":"https:\/\/www.dierre.com\/en\/salone-del-mobile\/#breadcrumb"},"inLanguage":"en-US","potentialAction":[{"@type":"ReadAction","target":["https:\/\/www.dierre.com\/en\/salone-del-mobile\/"]}]},{"@type":"ImageObject","inLanguage":"en-US","@id":"https:\/\/www.dierre.com\/en\/salone-del-mobile\/#primaryimage","url":"https:\/\/www.dierre.com\/wp-content\/uploads\/2022\/05\/cover-dierre-magazine-maggio2022.jpg","contentUrl":"https:\/\/www.dierre.com\/wp-content\/uploads\/2022\/05\/cover-dierre-magazine-maggio2022.jpg","width":1920,"height":800},{"@type":"BreadcrumbList","@id":"https:\/\/www.dierre.com\/en\/salone-del-mobile\/#breadcrumb","itemListElement":[{"@type":"ListItem","position":1,"name":"Home","item":"https:\/\/www.dierre.com\/en\/"},{"@type":"ListItem","position":2,"name":"Salone del mobile"}]},{"@type":"WebSite","@id":"https:\/\/www.dierre.com\/#website","url":"https:\/\/www.dierre.com\/","name":"Dierre","description":"","publisher":{"@id":"https:\/\/www.dierre.com\/#organization"},"potentialAction":[{"@type":"SearchAction","target":{"@type":"EntryPoint","urlTemplate":"https:\/\/www.dierre.com\/?s={search_term_string}"},"query-input":{"@type":"PropertyValueSpecification","valueRequired":true,"valueName":"search_term_string"}}],"inLanguage":"en-US"},{"@type":"Organization","@id":"https:\/\/www.dierre.com\/#organization","name":"Dierre","url":"https:\/\/www.dierre.com\/","logo":{"@type":"ImageObject","inLanguage":"en-US","@id":"https:\/\/www.dierre.com\/#\/schema\/logo\/image\/","url":"https:\/\/www.dierre.com\/wp-content\/uploads\/2023\/08\/dierre_organisation_logo.jpeg","contentUrl":"https:\/\/www.dierre.com\/wp-content\/uploads\/2023\/08\/dierre_organisation_logo.jpeg","width":696,"height":696,"caption":"Dierre"},"image":{"@id":"https:\/\/www.dierre.com\/#\/schema\/logo\/image\/"}}]}},"_links":{"self":[{"href":"https:\/\/www.dierre.com\/en\/wp-json\/wp\/v2\/pages\/8996","targetHints":{"allow":["GET"]}}],"collection":[{"href":"https:\/\/www.dierre.com\/en\/wp-json\/wp\/v2\/pages"}],"about":[{"href":"https:\/\/www.dierre.com\/en\/wp-json\/wp\/v2\/types\/page"}],"author":[{"embeddable":true,"href":"https:\/\/www.dierre.com\/en\/wp-json\/wp\/v2\/users\/1"}],"replies":[{"embeddable":true,"href":"https:\/\/www.dierre.com\/en\/wp-json\/wp\/v2\/comments?post=8996"}],"version-history":[{"count":0,"href":"https:\/\/www.dierre.com\/en\/wp-json\/wp\/v2\/pages\/8996\/revisions"}],"wp:featuredmedia":[{"embeddable":true,"href":"https:\/\/www.dierre.com\/en\/wp-json\/wp\/v2\/media\/5804"}],"wp:attachment":[{"href":"https:\/\/www.dierre.com\/en\/wp-json\/wp\/v2\/media?parent=8996"}],"curies":[{"name":"wp","href":"https:\/\/api.w.org\/{rel}","templated":true}]}}