{"id":13311,"date":"2022-04-21T15:14:38","date_gmt":"2022-04-21T13:14:38","guid":{"rendered":"https:\/\/www.dierre.com\/brevetti-e-certificazioni\/"},"modified":"2023-06-28T12:58:23","modified_gmt":"2023-06-28T10:58:23","slug":"patentes-y-certificaciones","status":"publish","type":"page","link":"https:\/\/www.dierre.com\/es\/patentes-y-certificaciones\/","title":{"rendered":"Patentes y certificaciones"},"content":{"rendered":"<p class=\"p1\">A lo largo de los cuarenta a\u00f1os de historia del grupo Dierre se han depositado m\u00e1s de 70 patentes. Actualmente est\u00e1n activas <strong>10 patentes exclusivas<\/strong> que representan el fruto de una investigaci\u00f3n que no se detiene. El grupo Dierre ha obtenido la certificaci\u00f3n UNI EN 9001:2015 de su sistema de calidad empresarial.<\/p>\n<p class=\"p1\">\n","protected":false},"excerpt":{"rendered":"<p>A lo largo de los cuarenta a\u00f1os de historia del grupo Dierre se han depositado m\u00e1s de 70 patentes. Actualmente est\u00e1n activas 10 patentes exclusivas que representan el fruto de una investigaci\u00f3n que no se detiene. El grupo Dierre ha obtenido la certificaci\u00f3n UNI EN 9001:2015 de su sistema de calidad empresarial.<\/p>\n","protected":false},"author":1,"featured_media":13313,"parent":0,"menu_order":0,"comment_status":"closed","ping_status":"closed","template":"template-realizzazioni_stile_one_page.php","meta":{"_acf_changed":false,"footnotes":""},"class_list":["post-13311","page","type-page","status-publish","has-post-thumbnail","hentry"],"acf":[],"yoast_head":"<!-- This site is optimized with the Yoast SEO plugin v26.7 - https:\/\/yoast.com\/wordpress\/plugins\/seo\/ -->\n<title>Patentes y certificaciones - Dierre<\/title>\n<meta name=\"robots\" content=\"index, follow, max-snippet:-1, max-image-preview:large, max-video-preview:-1\" \/>\n<link rel=\"canonical\" href=\"https:\/\/www.dierre.com\/es\/patentes-y-certificaciones\/\" \/>\n<meta property=\"og:locale\" content=\"es_ES\" \/>\n<meta property=\"og:type\" content=\"article\" \/>\n<meta property=\"og:title\" content=\"Patentes y certificaciones - Dierre\" \/>\n<meta property=\"og:description\" content=\"A lo largo de los cuarenta a\u00f1os de historia del grupo Dierre se han depositado m\u00e1s de 70 patentes. Actualmente est\u00e1n activas 10 patentes exclusivas que representan el fruto de una investigaci\u00f3n que no se detiene. El grupo Dierre ha obtenido la certificaci\u00f3n UNI EN 9001:2015 de su sistema de calidad empresarial.\" \/>\n<meta property=\"og:url\" content=\"https:\/\/www.dierre.com\/es\/patentes-y-certificaciones\/\" \/>\n<meta property=\"og:site_name\" content=\"Dierre\" \/>\n<meta property=\"article:modified_time\" content=\"2023-06-28T10:58:23+00:00\" \/>\n<meta property=\"og:image\" content=\"https:\/\/www.dierre.com\/wp-content\/uploads\/2022\/04\/dierre-brevetti-certificazioni.jpg\" \/>\n\t<meta property=\"og:image:width\" content=\"1920\" \/>\n\t<meta property=\"og:image:height\" content=\"800\" \/>\n\t<meta property=\"og:image:type\" content=\"image\/jpeg\" \/>\n<meta name=\"twitter:card\" content=\"summary_large_image\" \/>\n<meta name=\"twitter:label1\" content=\"Tiempo de lectura\" \/>\n\t<meta name=\"twitter:data1\" content=\"1 minuto\" \/>\n<script type=\"application\/ld+json\" class=\"yoast-schema-graph\">{\"@context\":\"https:\/\/schema.org\",\"@graph\":[{\"@type\":\"WebPage\",\"@id\":\"https:\/\/www.dierre.com\/es\/patentes-y-certificaciones\/\",\"url\":\"https:\/\/www.dierre.com\/es\/patentes-y-certificaciones\/\",\"name\":\"Patentes y certificaciones - Dierre\",\"isPartOf\":{\"@id\":\"https:\/\/www.dierre.com\/#website\"},\"primaryImageOfPage\":{\"@id\":\"https:\/\/www.dierre.com\/es\/patentes-y-certificaciones\/#primaryimage\"},\"image\":{\"@id\":\"https:\/\/www.dierre.com\/es\/patentes-y-certificaciones\/#primaryimage\"},\"thumbnailUrl\":\"https:\/\/www.dierre.com\/wp-content\/uploads\/2022\/04\/dierre-brevetti-certificazioni.jpg\",\"datePublished\":\"2022-04-21T13:14:38+00:00\",\"dateModified\":\"2023-06-28T10:58:23+00:00\",\"breadcrumb\":{\"@id\":\"https:\/\/www.dierre.com\/es\/patentes-y-certificaciones\/#breadcrumb\"},\"inLanguage\":\"es\",\"potentialAction\":[{\"@type\":\"ReadAction\",\"target\":[\"https:\/\/www.dierre.com\/es\/patentes-y-certificaciones\/\"]}]},{\"@type\":\"ImageObject\",\"inLanguage\":\"es\",\"@id\":\"https:\/\/www.dierre.com\/es\/patentes-y-certificaciones\/#primaryimage\",\"url\":\"https:\/\/www.dierre.com\/wp-content\/uploads\/2022\/04\/dierre-brevetti-certificazioni.jpg\",\"contentUrl\":\"https:\/\/www.dierre.com\/wp-content\/uploads\/2022\/04\/dierre-brevetti-certificazioni.jpg\",\"width\":1920,\"height\":800},{\"@type\":\"BreadcrumbList\",\"@id\":\"https:\/\/www.dierre.com\/es\/patentes-y-certificaciones\/#breadcrumb\",\"itemListElement\":[{\"@type\":\"ListItem\",\"position\":1,\"name\":\"Home\",\"item\":\"https:\/\/www.dierre.com\/es\/\"},{\"@type\":\"ListItem\",\"position\":2,\"name\":\"Patentes y certificaciones\"}]},{\"@type\":\"WebSite\",\"@id\":\"https:\/\/www.dierre.com\/#website\",\"url\":\"https:\/\/www.dierre.com\/\",\"name\":\"Dierre\",\"description\":\"\",\"publisher\":{\"@id\":\"https:\/\/www.dierre.com\/#organization\"},\"potentialAction\":[{\"@type\":\"SearchAction\",\"target\":{\"@type\":\"EntryPoint\",\"urlTemplate\":\"https:\/\/www.dierre.com\/?s={search_term_string}\"},\"query-input\":{\"@type\":\"PropertyValueSpecification\",\"valueRequired\":true,\"valueName\":\"search_term_string\"}}],\"inLanguage\":\"es\"},{\"@type\":\"Organization\",\"@id\":\"https:\/\/www.dierre.com\/#organization\",\"name\":\"Dierre\",\"url\":\"https:\/\/www.dierre.com\/\",\"logo\":{\"@type\":\"ImageObject\",\"inLanguage\":\"es\",\"@id\":\"https:\/\/www.dierre.com\/#\/schema\/logo\/image\/\",\"url\":\"https:\/\/www.dierre.com\/wp-content\/uploads\/2023\/08\/dierre_organisation_logo.jpeg\",\"contentUrl\":\"https:\/\/www.dierre.com\/wp-content\/uploads\/2023\/08\/dierre_organisation_logo.jpeg\",\"width\":696,\"height\":696,\"caption\":\"Dierre\"},\"image\":{\"@id\":\"https:\/\/www.dierre.com\/#\/schema\/logo\/image\/\"}}]}<\/script>\n<!-- \/ Yoast SEO plugin. -->","yoast_head_json":{"title":"Patentes y certificaciones - Dierre","robots":{"index":"index","follow":"follow","max-snippet":"max-snippet:-1","max-image-preview":"max-image-preview:large","max-video-preview":"max-video-preview:-1"},"canonical":"https:\/\/www.dierre.com\/es\/patentes-y-certificaciones\/","og_locale":"es_ES","og_type":"article","og_title":"Patentes y certificaciones - Dierre","og_description":"A lo largo de los cuarenta a\u00f1os de historia del grupo Dierre se han depositado m\u00e1s de 70 patentes. Actualmente est\u00e1n activas 10 patentes exclusivas que representan el fruto de una investigaci\u00f3n que no se detiene. El grupo Dierre ha obtenido la certificaci\u00f3n UNI EN 9001:2015 de su sistema de calidad empresarial.","og_url":"https:\/\/www.dierre.com\/es\/patentes-y-certificaciones\/","og_site_name":"Dierre","article_modified_time":"2023-06-28T10:58:23+00:00","og_image":[{"width":1920,"height":800,"url":"https:\/\/www.dierre.com\/wp-content\/uploads\/2022\/04\/dierre-brevetti-certificazioni.jpg","type":"image\/jpeg"}],"twitter_card":"summary_large_image","twitter_misc":{"Tiempo de lectura":"1 minuto"},"schema":{"@context":"https:\/\/schema.org","@graph":[{"@type":"WebPage","@id":"https:\/\/www.dierre.com\/es\/patentes-y-certificaciones\/","url":"https:\/\/www.dierre.com\/es\/patentes-y-certificaciones\/","name":"Patentes y certificaciones - Dierre","isPartOf":{"@id":"https:\/\/www.dierre.com\/#website"},"primaryImageOfPage":{"@id":"https:\/\/www.dierre.com\/es\/patentes-y-certificaciones\/#primaryimage"},"image":{"@id":"https:\/\/www.dierre.com\/es\/patentes-y-certificaciones\/#primaryimage"},"thumbnailUrl":"https:\/\/www.dierre.com\/wp-content\/uploads\/2022\/04\/dierre-brevetti-certificazioni.jpg","datePublished":"2022-04-21T13:14:38+00:00","dateModified":"2023-06-28T10:58:23+00:00","breadcrumb":{"@id":"https:\/\/www.dierre.com\/es\/patentes-y-certificaciones\/#breadcrumb"},"inLanguage":"es","potentialAction":[{"@type":"ReadAction","target":["https:\/\/www.dierre.com\/es\/patentes-y-certificaciones\/"]}]},{"@type":"ImageObject","inLanguage":"es","@id":"https:\/\/www.dierre.com\/es\/patentes-y-certificaciones\/#primaryimage","url":"https:\/\/www.dierre.com\/wp-content\/uploads\/2022\/04\/dierre-brevetti-certificazioni.jpg","contentUrl":"https:\/\/www.dierre.com\/wp-content\/uploads\/2022\/04\/dierre-brevetti-certificazioni.jpg","width":1920,"height":800},{"@type":"BreadcrumbList","@id":"https:\/\/www.dierre.com\/es\/patentes-y-certificaciones\/#breadcrumb","itemListElement":[{"@type":"ListItem","position":1,"name":"Home","item":"https:\/\/www.dierre.com\/es\/"},{"@type":"ListItem","position":2,"name":"Patentes y certificaciones"}]},{"@type":"WebSite","@id":"https:\/\/www.dierre.com\/#website","url":"https:\/\/www.dierre.com\/","name":"Dierre","description":"","publisher":{"@id":"https:\/\/www.dierre.com\/#organization"},"potentialAction":[{"@type":"SearchAction","target":{"@type":"EntryPoint","urlTemplate":"https:\/\/www.dierre.com\/?s={search_term_string}"},"query-input":{"@type":"PropertyValueSpecification","valueRequired":true,"valueName":"search_term_string"}}],"inLanguage":"es"},{"@type":"Organization","@id":"https:\/\/www.dierre.com\/#organization","name":"Dierre","url":"https:\/\/www.dierre.com\/","logo":{"@type":"ImageObject","inLanguage":"es","@id":"https:\/\/www.dierre.com\/#\/schema\/logo\/image\/","url":"https:\/\/www.dierre.com\/wp-content\/uploads\/2023\/08\/dierre_organisation_logo.jpeg","contentUrl":"https:\/\/www.dierre.com\/wp-content\/uploads\/2023\/08\/dierre_organisation_logo.jpeg","width":696,"height":696,"caption":"Dierre"},"image":{"@id":"https:\/\/www.dierre.com\/#\/schema\/logo\/image\/"}}]}},"_links":{"self":[{"href":"https:\/\/www.dierre.com\/es\/wp-json\/wp\/v2\/pages\/13311","targetHints":{"allow":["GET"]}}],"collection":[{"href":"https:\/\/www.dierre.com\/es\/wp-json\/wp\/v2\/pages"}],"about":[{"href":"https:\/\/www.dierre.com\/es\/wp-json\/wp\/v2\/types\/page"}],"author":[{"embeddable":true,"href":"https:\/\/www.dierre.com\/es\/wp-json\/wp\/v2\/users\/1"}],"replies":[{"embeddable":true,"href":"https:\/\/www.dierre.com\/es\/wp-json\/wp\/v2\/comments?post=13311"}],"version-history":[{"count":3,"href":"https:\/\/www.dierre.com\/es\/wp-json\/wp\/v2\/pages\/13311\/revisions"}],"predecessor-version":[{"id":17803,"href":"https:\/\/www.dierre.com\/es\/wp-json\/wp\/v2\/pages\/13311\/revisions\/17803"}],"wp:featuredmedia":[{"embeddable":true,"href":"https:\/\/www.dierre.com\/es\/wp-json\/wp\/v2\/media\/13313"}],"wp:attachment":[{"href":"https:\/\/www.dierre.com\/es\/wp-json\/wp\/v2\/media?parent=13311"}],"curies":[{"name":"wp","href":"https:\/\/api.w.org\/{rel}","templated":true}]}}