{"id":13341,"date":"2022-05-11T15:06:06","date_gmt":"2022-05-11T13:06:06","guid":{"rendered":"https:\/\/www.dierre.com\/magazine\/"},"modified":"2022-11-02T16:59:28","modified_gmt":"2022-11-02T15:59:28","slug":"magazine","status":"publish","type":"page","link":"https:\/\/www.dierre.com\/es\/magazine\/","title":{"rendered":"Revista"},"content":{"rendered":"<h3>Nace Dierremag. Nuestra nueva revista sobre la manera de vivir contempor\u00e1nea.<\/h3>\n<p>&nbsp;<\/p>\n<p>Narra nuestra historia y los valores que nos han permitido convertirnos en lo que somos: la innovaci\u00f3n tecnol\u00f3gica, la selecci\u00f3n inteligente de los materiales, la atenci\u00f3n al ahorro energ\u00e9tico, el equilibrio de las formas y del dise\u00f1o. Los detallamos a trav\u00e9s de los temas que m\u00e1s nos importan, los proyectos de los que estamos orgullosos, la voz de las personas que nos han elegido y las entrevistas a los encargados de los trabajos.<\/p>\n","protected":false},"excerpt":{"rendered":"<p>Nace Dierremag. Nuestra nueva revista sobre la manera de vivir contempor\u00e1nea. &nbsp; Narra nuestra historia y los valores que nos han permitido convertirnos en lo que somos: la innovaci\u00f3n tecnol\u00f3gica, la selecci\u00f3n inteligente de los materiales, la atenci\u00f3n al ahorro energ\u00e9tico, el equilibrio de las formas y del dise\u00f1o. Los detallamos a trav\u00e9s de los <a href=\"https:\/\/www.dierre.com\/es\/magazine\/\" class=\"more-link\">&#8230;<\/a><\/p>\n","protected":false},"author":1,"featured_media":13343,"parent":0,"menu_order":0,"comment_status":"closed","ping_status":"closed","template":"template-realizzazioni_stile_one_page.php","meta":{"_acf_changed":false,"footnotes":""},"class_list":["post-13341","page","type-page","status-publish","has-post-thumbnail","hentry"],"acf":[],"yoast_head":"<!-- This site is optimized with the Yoast SEO plugin v26.7 - https:\/\/yoast.com\/wordpress\/plugins\/seo\/ -->\n<title>Revista - Dierre<\/title>\n<meta name=\"robots\" content=\"index, follow, max-snippet:-1, max-image-preview:large, max-video-preview:-1\" \/>\n<link rel=\"canonical\" href=\"https:\/\/www.dierre.com\/es\/magazine\/\" \/>\n<meta property=\"og:locale\" content=\"es_ES\" \/>\n<meta property=\"og:type\" content=\"article\" \/>\n<meta property=\"og:title\" content=\"Revista - Dierre\" \/>\n<meta property=\"og:description\" content=\"Nace Dierremag. Nuestra nueva revista sobre la manera de vivir contempor\u00e1nea. &nbsp; Narra nuestra historia y los valores que nos han permitido convertirnos en lo que somos: la innovaci\u00f3n tecnol\u00f3gica, la selecci\u00f3n inteligente de los materiales, la atenci\u00f3n al ahorro energ\u00e9tico, el equilibrio de las formas y del dise\u00f1o. Los detallamos a trav\u00e9s de los ...\" \/>\n<meta property=\"og:url\" content=\"https:\/\/www.dierre.com\/es\/magazine\/\" \/>\n<meta property=\"og:site_name\" content=\"Dierre\" \/>\n<meta property=\"article:modified_time\" content=\"2022-11-02T15:59:28+00:00\" \/>\n<meta property=\"og:image\" content=\"https:\/\/www.dierre.com\/wp-content\/uploads\/2022\/05\/cover-dierre-magazine-maggio2022.jpg\" \/>\n\t<meta property=\"og:image:width\" content=\"1920\" \/>\n\t<meta property=\"og:image:height\" content=\"800\" \/>\n\t<meta property=\"og:image:type\" content=\"image\/jpeg\" \/>\n<meta name=\"twitter:card\" content=\"summary_large_image\" \/>\n<meta name=\"twitter:label1\" content=\"Tiempo de lectura\" \/>\n\t<meta name=\"twitter:data1\" content=\"1 minuto\" \/>\n<script type=\"application\/ld+json\" class=\"yoast-schema-graph\">{\"@context\":\"https:\/\/schema.org\",\"@graph\":[{\"@type\":\"WebPage\",\"@id\":\"https:\/\/www.dierre.com\/es\/magazine\/\",\"url\":\"https:\/\/www.dierre.com\/es\/magazine\/\",\"name\":\"Revista - Dierre\",\"isPartOf\":{\"@id\":\"https:\/\/www.dierre.com\/#website\"},\"primaryImageOfPage\":{\"@id\":\"https:\/\/www.dierre.com\/es\/magazine\/#primaryimage\"},\"image\":{\"@id\":\"https:\/\/www.dierre.com\/es\/magazine\/#primaryimage\"},\"thumbnailUrl\":\"https:\/\/www.dierre.com\/wp-content\/uploads\/2022\/05\/cover-dierre-magazine-maggio2022.jpg\",\"datePublished\":\"2022-05-11T13:06:06+00:00\",\"dateModified\":\"2022-11-02T15:59:28+00:00\",\"breadcrumb\":{\"@id\":\"https:\/\/www.dierre.com\/es\/magazine\/#breadcrumb\"},\"inLanguage\":\"es\",\"potentialAction\":[{\"@type\":\"ReadAction\",\"target\":[\"https:\/\/www.dierre.com\/es\/magazine\/\"]}]},{\"@type\":\"ImageObject\",\"inLanguage\":\"es\",\"@id\":\"https:\/\/www.dierre.com\/es\/magazine\/#primaryimage\",\"url\":\"https:\/\/www.dierre.com\/wp-content\/uploads\/2022\/05\/cover-dierre-magazine-maggio2022.jpg\",\"contentUrl\":\"https:\/\/www.dierre.com\/wp-content\/uploads\/2022\/05\/cover-dierre-magazine-maggio2022.jpg\",\"width\":1920,\"height\":800},{\"@type\":\"BreadcrumbList\",\"@id\":\"https:\/\/www.dierre.com\/es\/magazine\/#breadcrumb\",\"itemListElement\":[{\"@type\":\"ListItem\",\"position\":1,\"name\":\"Home\",\"item\":\"https:\/\/www.dierre.com\/es\/\"},{\"@type\":\"ListItem\",\"position\":2,\"name\":\"Revista\"}]},{\"@type\":\"WebSite\",\"@id\":\"https:\/\/www.dierre.com\/#website\",\"url\":\"https:\/\/www.dierre.com\/\",\"name\":\"Dierre\",\"description\":\"\",\"publisher\":{\"@id\":\"https:\/\/www.dierre.com\/#organization\"},\"potentialAction\":[{\"@type\":\"SearchAction\",\"target\":{\"@type\":\"EntryPoint\",\"urlTemplate\":\"https:\/\/www.dierre.com\/?s={search_term_string}\"},\"query-input\":{\"@type\":\"PropertyValueSpecification\",\"valueRequired\":true,\"valueName\":\"search_term_string\"}}],\"inLanguage\":\"es\"},{\"@type\":\"Organization\",\"@id\":\"https:\/\/www.dierre.com\/#organization\",\"name\":\"Dierre\",\"url\":\"https:\/\/www.dierre.com\/\",\"logo\":{\"@type\":\"ImageObject\",\"inLanguage\":\"es\",\"@id\":\"https:\/\/www.dierre.com\/#\/schema\/logo\/image\/\",\"url\":\"https:\/\/www.dierre.com\/wp-content\/uploads\/2023\/08\/dierre_organisation_logo.jpeg\",\"contentUrl\":\"https:\/\/www.dierre.com\/wp-content\/uploads\/2023\/08\/dierre_organisation_logo.jpeg\",\"width\":696,\"height\":696,\"caption\":\"Dierre\"},\"image\":{\"@id\":\"https:\/\/www.dierre.com\/#\/schema\/logo\/image\/\"}}]}<\/script>\n<!-- \/ Yoast SEO plugin. -->","yoast_head_json":{"title":"Revista - Dierre","robots":{"index":"index","follow":"follow","max-snippet":"max-snippet:-1","max-image-preview":"max-image-preview:large","max-video-preview":"max-video-preview:-1"},"canonical":"https:\/\/www.dierre.com\/es\/magazine\/","og_locale":"es_ES","og_type":"article","og_title":"Revista - Dierre","og_description":"Nace Dierremag. Nuestra nueva revista sobre la manera de vivir contempor\u00e1nea. &nbsp; Narra nuestra historia y los valores que nos han permitido convertirnos en lo que somos: la innovaci\u00f3n tecnol\u00f3gica, la selecci\u00f3n inteligente de los materiales, la atenci\u00f3n al ahorro energ\u00e9tico, el equilibrio de las formas y del dise\u00f1o. Los detallamos a trav\u00e9s de los ...","og_url":"https:\/\/www.dierre.com\/es\/magazine\/","og_site_name":"Dierre","article_modified_time":"2022-11-02T15:59:28+00:00","og_image":[{"width":1920,"height":800,"url":"https:\/\/www.dierre.com\/wp-content\/uploads\/2022\/05\/cover-dierre-magazine-maggio2022.jpg","type":"image\/jpeg"}],"twitter_card":"summary_large_image","twitter_misc":{"Tiempo de lectura":"1 minuto"},"schema":{"@context":"https:\/\/schema.org","@graph":[{"@type":"WebPage","@id":"https:\/\/www.dierre.com\/es\/magazine\/","url":"https:\/\/www.dierre.com\/es\/magazine\/","name":"Revista - Dierre","isPartOf":{"@id":"https:\/\/www.dierre.com\/#website"},"primaryImageOfPage":{"@id":"https:\/\/www.dierre.com\/es\/magazine\/#primaryimage"},"image":{"@id":"https:\/\/www.dierre.com\/es\/magazine\/#primaryimage"},"thumbnailUrl":"https:\/\/www.dierre.com\/wp-content\/uploads\/2022\/05\/cover-dierre-magazine-maggio2022.jpg","datePublished":"2022-05-11T13:06:06+00:00","dateModified":"2022-11-02T15:59:28+00:00","breadcrumb":{"@id":"https:\/\/www.dierre.com\/es\/magazine\/#breadcrumb"},"inLanguage":"es","potentialAction":[{"@type":"ReadAction","target":["https:\/\/www.dierre.com\/es\/magazine\/"]}]},{"@type":"ImageObject","inLanguage":"es","@id":"https:\/\/www.dierre.com\/es\/magazine\/#primaryimage","url":"https:\/\/www.dierre.com\/wp-content\/uploads\/2022\/05\/cover-dierre-magazine-maggio2022.jpg","contentUrl":"https:\/\/www.dierre.com\/wp-content\/uploads\/2022\/05\/cover-dierre-magazine-maggio2022.jpg","width":1920,"height":800},{"@type":"BreadcrumbList","@id":"https:\/\/www.dierre.com\/es\/magazine\/#breadcrumb","itemListElement":[{"@type":"ListItem","position":1,"name":"Home","item":"https:\/\/www.dierre.com\/es\/"},{"@type":"ListItem","position":2,"name":"Revista"}]},{"@type":"WebSite","@id":"https:\/\/www.dierre.com\/#website","url":"https:\/\/www.dierre.com\/","name":"Dierre","description":"","publisher":{"@id":"https:\/\/www.dierre.com\/#organization"},"potentialAction":[{"@type":"SearchAction","target":{"@type":"EntryPoint","urlTemplate":"https:\/\/www.dierre.com\/?s={search_term_string}"},"query-input":{"@type":"PropertyValueSpecification","valueRequired":true,"valueName":"search_term_string"}}],"inLanguage":"es"},{"@type":"Organization","@id":"https:\/\/www.dierre.com\/#organization","name":"Dierre","url":"https:\/\/www.dierre.com\/","logo":{"@type":"ImageObject","inLanguage":"es","@id":"https:\/\/www.dierre.com\/#\/schema\/logo\/image\/","url":"https:\/\/www.dierre.com\/wp-content\/uploads\/2023\/08\/dierre_organisation_logo.jpeg","contentUrl":"https:\/\/www.dierre.com\/wp-content\/uploads\/2023\/08\/dierre_organisation_logo.jpeg","width":696,"height":696,"caption":"Dierre"},"image":{"@id":"https:\/\/www.dierre.com\/#\/schema\/logo\/image\/"}}]}},"_links":{"self":[{"href":"https:\/\/www.dierre.com\/es\/wp-json\/wp\/v2\/pages\/13341","targetHints":{"allow":["GET"]}}],"collection":[{"href":"https:\/\/www.dierre.com\/es\/wp-json\/wp\/v2\/pages"}],"about":[{"href":"https:\/\/www.dierre.com\/es\/wp-json\/wp\/v2\/types\/page"}],"author":[{"embeddable":true,"href":"https:\/\/www.dierre.com\/es\/wp-json\/wp\/v2\/users\/1"}],"replies":[{"embeddable":true,"href":"https:\/\/www.dierre.com\/es\/wp-json\/wp\/v2\/comments?post=13341"}],"version-history":[{"count":3,"href":"https:\/\/www.dierre.com\/es\/wp-json\/wp\/v2\/pages\/13341\/revisions"}],"predecessor-version":[{"id":15469,"href":"https:\/\/www.dierre.com\/es\/wp-json\/wp\/v2\/pages\/13341\/revisions\/15469"}],"wp:featuredmedia":[{"embeddable":true,"href":"https:\/\/www.dierre.com\/es\/wp-json\/wp\/v2\/media\/13343"}],"wp:attachment":[{"href":"https:\/\/www.dierre.com\/es\/wp-json\/wp\/v2\/media?parent=13341"}],"curies":[{"name":"wp","href":"https:\/\/api.w.org\/{rel}","templated":true}]}}