{"id":13368,"date":"2022-05-25T17:47:19","date_gmt":"2022-05-25T15:47:19","guid":{"rendered":"https:\/\/www.dierre.com\/salone-del-mobile\/"},"modified":"2022-10-31T08:44:21","modified_gmt":"2022-10-31T07:44:21","slug":"salone-del-mobile","status":"publish","type":"page","link":"https:\/\/www.dierre.com\/es\/salone-del-mobile\/","title":{"rendered":"Salone del mobile"},"content":{"rendered":"<h3>El espacio que habita dentro de nosotros.<\/h3>\n<h3><em><strong>La casa es el espejo de nuestra alma. La puerta delinea el car\u00e1cter de esta.<\/strong><\/em><\/h3>\n<p>En el Fuorisalone 2022 Dierre lanza Dierremag, la nueva revista sobre la manera de vivir contempor\u00e1nea.<\/p>\n<p>La casa se convierte en el nuevo paradigma de confort. La nueva normalidad ha hecho que surja la necesidad de espacios de interior m\u00e1s amplios y con una organizaci\u00f3n diversa, capaces de ofrecer comodidad, seguridad y una nueva privacidad. Una peque\u00f1a revoluci\u00f3n copernicana en la que las puertas y las divisiones de interiores vuelven a tener un papel central.<\/p>\n","protected":false},"excerpt":{"rendered":"<p>El espacio que habita dentro de nosotros. La casa es el espejo de nuestra alma. La puerta delinea el car\u00e1cter de esta. En el Fuorisalone 2022 Dierre lanza Dierremag, la nueva revista sobre la manera de vivir contempor\u00e1nea. La casa se convierte en el nuevo paradigma de confort. La nueva normalidad ha hecho que surja <a href=\"https:\/\/www.dierre.com\/es\/salone-del-mobile\/\" class=\"more-link\">&#8230;<\/a><\/p>\n","protected":false},"author":1,"featured_media":13343,"parent":0,"menu_order":0,"comment_status":"closed","ping_status":"closed","template":"template-landing-singolo-prodotto.php","meta":{"_acf_changed":false,"footnotes":""},"class_list":["post-13368","page","type-page","status-publish","has-post-thumbnail","hentry"],"acf":[],"yoast_head":"<!-- This site is optimized with the Yoast SEO plugin v26.7 - https:\/\/yoast.com\/wordpress\/plugins\/seo\/ -->\n<title>Salone del mobile - Dierre<\/title>\n<meta name=\"robots\" content=\"index, follow, max-snippet:-1, max-image-preview:large, max-video-preview:-1\" \/>\n<link rel=\"canonical\" href=\"https:\/\/www.dierre.com\/es\/salone-del-mobile\/\" \/>\n<meta property=\"og:locale\" content=\"es_ES\" \/>\n<meta property=\"og:type\" content=\"article\" \/>\n<meta property=\"og:title\" content=\"Salone del mobile - Dierre\" \/>\n<meta property=\"og:description\" content=\"El espacio que habita dentro de nosotros. La casa es el espejo de nuestra alma. La puerta delinea el car\u00e1cter de esta. En el Fuorisalone 2022 Dierre lanza Dierremag, la nueva revista sobre la manera de vivir contempor\u00e1nea. La casa se convierte en el nuevo paradigma de confort. La nueva normalidad ha hecho que surja ...\" \/>\n<meta property=\"og:url\" content=\"https:\/\/www.dierre.com\/es\/salone-del-mobile\/\" \/>\n<meta property=\"og:site_name\" content=\"Dierre\" \/>\n<meta property=\"article:modified_time\" content=\"2022-10-31T07:44:21+00:00\" \/>\n<meta property=\"og:image\" content=\"https:\/\/www.dierre.com\/wp-content\/uploads\/2022\/05\/cover-dierre-magazine-maggio2022.jpg\" \/>\n\t<meta property=\"og:image:width\" content=\"1920\" \/>\n\t<meta property=\"og:image:height\" content=\"800\" \/>\n\t<meta property=\"og:image:type\" content=\"image\/jpeg\" \/>\n<meta name=\"twitter:card\" content=\"summary_large_image\" \/>\n<meta name=\"twitter:label1\" content=\"Tiempo de lectura\" \/>\n\t<meta name=\"twitter:data1\" content=\"1 minuto\" \/>\n<script type=\"application\/ld+json\" class=\"yoast-schema-graph\">{\"@context\":\"https:\/\/schema.org\",\"@graph\":[{\"@type\":\"WebPage\",\"@id\":\"https:\/\/www.dierre.com\/es\/salone-del-mobile\/\",\"url\":\"https:\/\/www.dierre.com\/es\/salone-del-mobile\/\",\"name\":\"Salone del mobile - Dierre\",\"isPartOf\":{\"@id\":\"https:\/\/www.dierre.com\/#website\"},\"primaryImageOfPage\":{\"@id\":\"https:\/\/www.dierre.com\/es\/salone-del-mobile\/#primaryimage\"},\"image\":{\"@id\":\"https:\/\/www.dierre.com\/es\/salone-del-mobile\/#primaryimage\"},\"thumbnailUrl\":\"https:\/\/www.dierre.com\/wp-content\/uploads\/2022\/05\/cover-dierre-magazine-maggio2022.jpg\",\"datePublished\":\"2022-05-25T15:47:19+00:00\",\"dateModified\":\"2022-10-31T07:44:21+00:00\",\"breadcrumb\":{\"@id\":\"https:\/\/www.dierre.com\/es\/salone-del-mobile\/#breadcrumb\"},\"inLanguage\":\"es\",\"potentialAction\":[{\"@type\":\"ReadAction\",\"target\":[\"https:\/\/www.dierre.com\/es\/salone-del-mobile\/\"]}]},{\"@type\":\"ImageObject\",\"inLanguage\":\"es\",\"@id\":\"https:\/\/www.dierre.com\/es\/salone-del-mobile\/#primaryimage\",\"url\":\"https:\/\/www.dierre.com\/wp-content\/uploads\/2022\/05\/cover-dierre-magazine-maggio2022.jpg\",\"contentUrl\":\"https:\/\/www.dierre.com\/wp-content\/uploads\/2022\/05\/cover-dierre-magazine-maggio2022.jpg\",\"width\":1920,\"height\":800},{\"@type\":\"BreadcrumbList\",\"@id\":\"https:\/\/www.dierre.com\/es\/salone-del-mobile\/#breadcrumb\",\"itemListElement\":[{\"@type\":\"ListItem\",\"position\":1,\"name\":\"Home\",\"item\":\"https:\/\/www.dierre.com\/es\/\"},{\"@type\":\"ListItem\",\"position\":2,\"name\":\"Salone del mobile\"}]},{\"@type\":\"WebSite\",\"@id\":\"https:\/\/www.dierre.com\/#website\",\"url\":\"https:\/\/www.dierre.com\/\",\"name\":\"Dierre\",\"description\":\"\",\"publisher\":{\"@id\":\"https:\/\/www.dierre.com\/#organization\"},\"potentialAction\":[{\"@type\":\"SearchAction\",\"target\":{\"@type\":\"EntryPoint\",\"urlTemplate\":\"https:\/\/www.dierre.com\/?s={search_term_string}\"},\"query-input\":{\"@type\":\"PropertyValueSpecification\",\"valueRequired\":true,\"valueName\":\"search_term_string\"}}],\"inLanguage\":\"es\"},{\"@type\":\"Organization\",\"@id\":\"https:\/\/www.dierre.com\/#organization\",\"name\":\"Dierre\",\"url\":\"https:\/\/www.dierre.com\/\",\"logo\":{\"@type\":\"ImageObject\",\"inLanguage\":\"es\",\"@id\":\"https:\/\/www.dierre.com\/#\/schema\/logo\/image\/\",\"url\":\"https:\/\/www.dierre.com\/wp-content\/uploads\/2023\/08\/dierre_organisation_logo.jpeg\",\"contentUrl\":\"https:\/\/www.dierre.com\/wp-content\/uploads\/2023\/08\/dierre_organisation_logo.jpeg\",\"width\":696,\"height\":696,\"caption\":\"Dierre\"},\"image\":{\"@id\":\"https:\/\/www.dierre.com\/#\/schema\/logo\/image\/\"}}]}<\/script>\n<!-- \/ Yoast SEO plugin. -->","yoast_head_json":{"title":"Salone del mobile - Dierre","robots":{"index":"index","follow":"follow","max-snippet":"max-snippet:-1","max-image-preview":"max-image-preview:large","max-video-preview":"max-video-preview:-1"},"canonical":"https:\/\/www.dierre.com\/es\/salone-del-mobile\/","og_locale":"es_ES","og_type":"article","og_title":"Salone del mobile - Dierre","og_description":"El espacio que habita dentro de nosotros. La casa es el espejo de nuestra alma. La puerta delinea el car\u00e1cter de esta. En el Fuorisalone 2022 Dierre lanza Dierremag, la nueva revista sobre la manera de vivir contempor\u00e1nea. La casa se convierte en el nuevo paradigma de confort. La nueva normalidad ha hecho que surja ...","og_url":"https:\/\/www.dierre.com\/es\/salone-del-mobile\/","og_site_name":"Dierre","article_modified_time":"2022-10-31T07:44:21+00:00","og_image":[{"width":1920,"height":800,"url":"https:\/\/www.dierre.com\/wp-content\/uploads\/2022\/05\/cover-dierre-magazine-maggio2022.jpg","type":"image\/jpeg"}],"twitter_card":"summary_large_image","twitter_misc":{"Tiempo de lectura":"1 minuto"},"schema":{"@context":"https:\/\/schema.org","@graph":[{"@type":"WebPage","@id":"https:\/\/www.dierre.com\/es\/salone-del-mobile\/","url":"https:\/\/www.dierre.com\/es\/salone-del-mobile\/","name":"Salone del mobile - Dierre","isPartOf":{"@id":"https:\/\/www.dierre.com\/#website"},"primaryImageOfPage":{"@id":"https:\/\/www.dierre.com\/es\/salone-del-mobile\/#primaryimage"},"image":{"@id":"https:\/\/www.dierre.com\/es\/salone-del-mobile\/#primaryimage"},"thumbnailUrl":"https:\/\/www.dierre.com\/wp-content\/uploads\/2022\/05\/cover-dierre-magazine-maggio2022.jpg","datePublished":"2022-05-25T15:47:19+00:00","dateModified":"2022-10-31T07:44:21+00:00","breadcrumb":{"@id":"https:\/\/www.dierre.com\/es\/salone-del-mobile\/#breadcrumb"},"inLanguage":"es","potentialAction":[{"@type":"ReadAction","target":["https:\/\/www.dierre.com\/es\/salone-del-mobile\/"]}]},{"@type":"ImageObject","inLanguage":"es","@id":"https:\/\/www.dierre.com\/es\/salone-del-mobile\/#primaryimage","url":"https:\/\/www.dierre.com\/wp-content\/uploads\/2022\/05\/cover-dierre-magazine-maggio2022.jpg","contentUrl":"https:\/\/www.dierre.com\/wp-content\/uploads\/2022\/05\/cover-dierre-magazine-maggio2022.jpg","width":1920,"height":800},{"@type":"BreadcrumbList","@id":"https:\/\/www.dierre.com\/es\/salone-del-mobile\/#breadcrumb","itemListElement":[{"@type":"ListItem","position":1,"name":"Home","item":"https:\/\/www.dierre.com\/es\/"},{"@type":"ListItem","position":2,"name":"Salone del mobile"}]},{"@type":"WebSite","@id":"https:\/\/www.dierre.com\/#website","url":"https:\/\/www.dierre.com\/","name":"Dierre","description":"","publisher":{"@id":"https:\/\/www.dierre.com\/#organization"},"potentialAction":[{"@type":"SearchAction","target":{"@type":"EntryPoint","urlTemplate":"https:\/\/www.dierre.com\/?s={search_term_string}"},"query-input":{"@type":"PropertyValueSpecification","valueRequired":true,"valueName":"search_term_string"}}],"inLanguage":"es"},{"@type":"Organization","@id":"https:\/\/www.dierre.com\/#organization","name":"Dierre","url":"https:\/\/www.dierre.com\/","logo":{"@type":"ImageObject","inLanguage":"es","@id":"https:\/\/www.dierre.com\/#\/schema\/logo\/image\/","url":"https:\/\/www.dierre.com\/wp-content\/uploads\/2023\/08\/dierre_organisation_logo.jpeg","contentUrl":"https:\/\/www.dierre.com\/wp-content\/uploads\/2023\/08\/dierre_organisation_logo.jpeg","width":696,"height":696,"caption":"Dierre"},"image":{"@id":"https:\/\/www.dierre.com\/#\/schema\/logo\/image\/"}}]}},"_links":{"self":[{"href":"https:\/\/www.dierre.com\/es\/wp-json\/wp\/v2\/pages\/13368","targetHints":{"allow":["GET"]}}],"collection":[{"href":"https:\/\/www.dierre.com\/es\/wp-json\/wp\/v2\/pages"}],"about":[{"href":"https:\/\/www.dierre.com\/es\/wp-json\/wp\/v2\/types\/page"}],"author":[{"embeddable":true,"href":"https:\/\/www.dierre.com\/es\/wp-json\/wp\/v2\/users\/1"}],"replies":[{"embeddable":true,"href":"https:\/\/www.dierre.com\/es\/wp-json\/wp\/v2\/comments?post=13368"}],"version-history":[{"count":3,"href":"https:\/\/www.dierre.com\/es\/wp-json\/wp\/v2\/pages\/13368\/revisions"}],"predecessor-version":[{"id":15311,"href":"https:\/\/www.dierre.com\/es\/wp-json\/wp\/v2\/pages\/13368\/revisions\/15311"}],"wp:featuredmedia":[{"embeddable":true,"href":"https:\/\/www.dierre.com\/es\/wp-json\/wp\/v2\/media\/13343"}],"wp:attachment":[{"href":"https:\/\/www.dierre.com\/es\/wp-json\/wp\/v2\/media?parent=13368"}],"curies":[{"name":"wp","href":"https:\/\/api.w.org\/{rel}","templated":true}]}}