{"id":26639,"date":"2026-01-21T14:22:08","date_gmt":"2026-01-21T13:22:08","guid":{"rendered":"https:\/\/www.dierre.com\/?page_id=26639"},"modified":"2026-01-21T14:27:17","modified_gmt":"2026-01-21T13:27:17","slug":"new-alutech-44-fiabilidad-y-diseno-para-cualquier-espacio-publico","status":"publish","type":"page","link":"https:\/\/www.dierre.com\/es\/new-alutech-44-fiabilidad-y-diseno-para-cualquier-espacio-publico\/","title":{"rendered":"New Alutech 44. Fiabilidad y dise\u00f1o para cualquier espacio p\u00fablico."},"content":{"rendered":"<p><strong>Fiable y con dise\u00f1o: New Alutech 44, una puerta perfecta para cualquier espacio p\u00fablico.<\/strong><\/p>\n<p>New Alutech 44, la nueva colecci\u00f3n de puertas t\u00e9cnicas de Dierre con acabados f\u00e1ciles de combinar porque est\u00e1n en l\u00ednea con el estilo, los gustos y las tendencias actuales. Para quienes aman vivir bien, para un espacio com\u00fan cuidado con gran atenci\u00f3n en cada detalle.<\/p>\n<p><strong>Hospitales, residencias de ancianos, oficinas, escuelas: la puerta ideal para tu entorno de trabajo.<\/strong><\/p>\n","protected":false},"excerpt":{"rendered":"<p>Fiable y con dise\u00f1o: New Alutech 44, una puerta perfecta para cualquier espacio p\u00fablico. New Alutech 44, la nueva colecci\u00f3n de puertas t\u00e9cnicas de Dierre con acabados f\u00e1ciles de combinar porque est\u00e1n en l\u00ednea con el estilo, los gustos y las tendencias actuales. Para quienes aman vivir bien, para un espacio com\u00fan cuidado con gran <a href=\"https:\/\/www.dierre.com\/es\/new-alutech-44-fiabilidad-y-diseno-para-cualquier-espacio-publico\/\" class=\"more-link\">&#8230;<\/a><\/p>\n","protected":false},"author":1,"featured_media":26656,"parent":0,"menu_order":0,"comment_status":"closed","ping_status":"closed","template":"template-landing-singolo-prodotto.php","meta":{"_acf_changed":false,"footnotes":""},"class_list":["post-26639","page","type-page","status-publish","has-post-thumbnail","hentry"],"acf":[],"yoast_head":"<!-- This site is optimized with the Yoast SEO plugin v26.7 - https:\/\/yoast.com\/wordpress\/plugins\/seo\/ -->\n<title>New Alutech 44. Fiabilidad y dise\u00f1o para cualquier espacio p\u00fablico. - Dierre<\/title>\n<meta name=\"robots\" content=\"index, follow, max-snippet:-1, max-image-preview:large, max-video-preview:-1\" \/>\n<link rel=\"canonical\" href=\"https:\/\/www.dierre.com\/es\/new-alutech-44-fiabilidad-y-diseno-para-cualquier-espacio-publico\/\" \/>\n<meta property=\"og:locale\" content=\"es_ES\" \/>\n<meta property=\"og:type\" content=\"article\" \/>\n<meta property=\"og:title\" content=\"New Alutech 44. Fiabilidad y dise\u00f1o para cualquier espacio p\u00fablico. - Dierre\" \/>\n<meta property=\"og:description\" content=\"Fiable y con dise\u00f1o: New Alutech 44, una puerta perfecta para cualquier espacio p\u00fablico. New Alutech 44, la nueva colecci\u00f3n de puertas t\u00e9cnicas de Dierre con acabados f\u00e1ciles de combinar porque est\u00e1n en l\u00ednea con el estilo, los gustos y las tendencias actuales. Para quienes aman vivir bien, para un espacio com\u00fan cuidado con gran ...\" \/>\n<meta property=\"og:url\" content=\"https:\/\/www.dierre.com\/es\/new-alutech-44-fiabilidad-y-diseno-para-cualquier-espacio-publico\/\" \/>\n<meta property=\"og:site_name\" content=\"Dierre\" \/>\n<meta property=\"article:modified_time\" content=\"2026-01-21T13:27:17+00:00\" \/>\n<meta property=\"og:image\" content=\"https:\/\/www.dierre.com\/wp-content\/uploads\/2026\/01\/Dierre_New_Alutech_44.jpg\" \/>\n\t<meta property=\"og:image:width\" content=\"1250\" \/>\n\t<meta property=\"og:image:height\" content=\"521\" \/>\n\t<meta property=\"og:image:type\" content=\"image\/jpeg\" \/>\n<meta name=\"twitter:card\" content=\"summary_large_image\" \/>\n<meta name=\"twitter:label1\" content=\"Tiempo de lectura\" \/>\n\t<meta name=\"twitter:data1\" content=\"1 minuto\" \/>\n<script type=\"application\/ld+json\" class=\"yoast-schema-graph\">{\"@context\":\"https:\/\/schema.org\",\"@graph\":[{\"@type\":\"WebPage\",\"@id\":\"https:\/\/www.dierre.com\/es\/new-alutech-44-fiabilidad-y-diseno-para-cualquier-espacio-publico\/\",\"url\":\"https:\/\/www.dierre.com\/es\/new-alutech-44-fiabilidad-y-diseno-para-cualquier-espacio-publico\/\",\"name\":\"New Alutech 44. Fiabilidad y dise\u00f1o para cualquier espacio p\u00fablico. - Dierre\",\"isPartOf\":{\"@id\":\"https:\/\/www.dierre.com\/#website\"},\"primaryImageOfPage\":{\"@id\":\"https:\/\/www.dierre.com\/es\/new-alutech-44-fiabilidad-y-diseno-para-cualquier-espacio-publico\/#primaryimage\"},\"image\":{\"@id\":\"https:\/\/www.dierre.com\/es\/new-alutech-44-fiabilidad-y-diseno-para-cualquier-espacio-publico\/#primaryimage\"},\"thumbnailUrl\":\"https:\/\/www.dierre.com\/wp-content\/uploads\/2026\/01\/Dierre_New_Alutech_44.jpg\",\"datePublished\":\"2026-01-21T13:22:08+00:00\",\"dateModified\":\"2026-01-21T13:27:17+00:00\",\"breadcrumb\":{\"@id\":\"https:\/\/www.dierre.com\/es\/new-alutech-44-fiabilidad-y-diseno-para-cualquier-espacio-publico\/#breadcrumb\"},\"inLanguage\":\"es\",\"potentialAction\":[{\"@type\":\"ReadAction\",\"target\":[\"https:\/\/www.dierre.com\/es\/new-alutech-44-fiabilidad-y-diseno-para-cualquier-espacio-publico\/\"]}]},{\"@type\":\"ImageObject\",\"inLanguage\":\"es\",\"@id\":\"https:\/\/www.dierre.com\/es\/new-alutech-44-fiabilidad-y-diseno-para-cualquier-espacio-publico\/#primaryimage\",\"url\":\"https:\/\/www.dierre.com\/wp-content\/uploads\/2026\/01\/Dierre_New_Alutech_44.jpg\",\"contentUrl\":\"https:\/\/www.dierre.com\/wp-content\/uploads\/2026\/01\/Dierre_New_Alutech_44.jpg\",\"width\":1250,\"height\":521},{\"@type\":\"BreadcrumbList\",\"@id\":\"https:\/\/www.dierre.com\/es\/new-alutech-44-fiabilidad-y-diseno-para-cualquier-espacio-publico\/#breadcrumb\",\"itemListElement\":[{\"@type\":\"ListItem\",\"position\":1,\"name\":\"Home\",\"item\":\"https:\/\/www.dierre.com\/es\/\"},{\"@type\":\"ListItem\",\"position\":2,\"name\":\"New Alutech 44. Fiabilidad y dise\u00f1o para cualquier espacio p\u00fablico.\"}]},{\"@type\":\"WebSite\",\"@id\":\"https:\/\/www.dierre.com\/#website\",\"url\":\"https:\/\/www.dierre.com\/\",\"name\":\"Dierre\",\"description\":\"\",\"publisher\":{\"@id\":\"https:\/\/www.dierre.com\/#organization\"},\"potentialAction\":[{\"@type\":\"SearchAction\",\"target\":{\"@type\":\"EntryPoint\",\"urlTemplate\":\"https:\/\/www.dierre.com\/?s={search_term_string}\"},\"query-input\":{\"@type\":\"PropertyValueSpecification\",\"valueRequired\":true,\"valueName\":\"search_term_string\"}}],\"inLanguage\":\"es\"},{\"@type\":\"Organization\",\"@id\":\"https:\/\/www.dierre.com\/#organization\",\"name\":\"Dierre\",\"url\":\"https:\/\/www.dierre.com\/\",\"logo\":{\"@type\":\"ImageObject\",\"inLanguage\":\"es\",\"@id\":\"https:\/\/www.dierre.com\/#\/schema\/logo\/image\/\",\"url\":\"https:\/\/www.dierre.com\/wp-content\/uploads\/2023\/08\/dierre_organisation_logo.jpeg\",\"contentUrl\":\"https:\/\/www.dierre.com\/wp-content\/uploads\/2023\/08\/dierre_organisation_logo.jpeg\",\"width\":696,\"height\":696,\"caption\":\"Dierre\"},\"image\":{\"@id\":\"https:\/\/www.dierre.com\/#\/schema\/logo\/image\/\"}}]}<\/script>\n<!-- \/ Yoast SEO plugin. -->","yoast_head_json":{"title":"New Alutech 44. Fiabilidad y dise\u00f1o para cualquier espacio p\u00fablico. - Dierre","robots":{"index":"index","follow":"follow","max-snippet":"max-snippet:-1","max-image-preview":"max-image-preview:large","max-video-preview":"max-video-preview:-1"},"canonical":"https:\/\/www.dierre.com\/es\/new-alutech-44-fiabilidad-y-diseno-para-cualquier-espacio-publico\/","og_locale":"es_ES","og_type":"article","og_title":"New Alutech 44. Fiabilidad y dise\u00f1o para cualquier espacio p\u00fablico. - Dierre","og_description":"Fiable y con dise\u00f1o: New Alutech 44, una puerta perfecta para cualquier espacio p\u00fablico. New Alutech 44, la nueva colecci\u00f3n de puertas t\u00e9cnicas de Dierre con acabados f\u00e1ciles de combinar porque est\u00e1n en l\u00ednea con el estilo, los gustos y las tendencias actuales. Para quienes aman vivir bien, para un espacio com\u00fan cuidado con gran ...","og_url":"https:\/\/www.dierre.com\/es\/new-alutech-44-fiabilidad-y-diseno-para-cualquier-espacio-publico\/","og_site_name":"Dierre","article_modified_time":"2026-01-21T13:27:17+00:00","og_image":[{"width":1250,"height":521,"url":"https:\/\/www.dierre.com\/wp-content\/uploads\/2026\/01\/Dierre_New_Alutech_44.jpg","type":"image\/jpeg"}],"twitter_card":"summary_large_image","twitter_misc":{"Tiempo de lectura":"1 minuto"},"schema":{"@context":"https:\/\/schema.org","@graph":[{"@type":"WebPage","@id":"https:\/\/www.dierre.com\/es\/new-alutech-44-fiabilidad-y-diseno-para-cualquier-espacio-publico\/","url":"https:\/\/www.dierre.com\/es\/new-alutech-44-fiabilidad-y-diseno-para-cualquier-espacio-publico\/","name":"New Alutech 44. Fiabilidad y dise\u00f1o para cualquier espacio p\u00fablico. - Dierre","isPartOf":{"@id":"https:\/\/www.dierre.com\/#website"},"primaryImageOfPage":{"@id":"https:\/\/www.dierre.com\/es\/new-alutech-44-fiabilidad-y-diseno-para-cualquier-espacio-publico\/#primaryimage"},"image":{"@id":"https:\/\/www.dierre.com\/es\/new-alutech-44-fiabilidad-y-diseno-para-cualquier-espacio-publico\/#primaryimage"},"thumbnailUrl":"https:\/\/www.dierre.com\/wp-content\/uploads\/2026\/01\/Dierre_New_Alutech_44.jpg","datePublished":"2026-01-21T13:22:08+00:00","dateModified":"2026-01-21T13:27:17+00:00","breadcrumb":{"@id":"https:\/\/www.dierre.com\/es\/new-alutech-44-fiabilidad-y-diseno-para-cualquier-espacio-publico\/#breadcrumb"},"inLanguage":"es","potentialAction":[{"@type":"ReadAction","target":["https:\/\/www.dierre.com\/es\/new-alutech-44-fiabilidad-y-diseno-para-cualquier-espacio-publico\/"]}]},{"@type":"ImageObject","inLanguage":"es","@id":"https:\/\/www.dierre.com\/es\/new-alutech-44-fiabilidad-y-diseno-para-cualquier-espacio-publico\/#primaryimage","url":"https:\/\/www.dierre.com\/wp-content\/uploads\/2026\/01\/Dierre_New_Alutech_44.jpg","contentUrl":"https:\/\/www.dierre.com\/wp-content\/uploads\/2026\/01\/Dierre_New_Alutech_44.jpg","width":1250,"height":521},{"@type":"BreadcrumbList","@id":"https:\/\/www.dierre.com\/es\/new-alutech-44-fiabilidad-y-diseno-para-cualquier-espacio-publico\/#breadcrumb","itemListElement":[{"@type":"ListItem","position":1,"name":"Home","item":"https:\/\/www.dierre.com\/es\/"},{"@type":"ListItem","position":2,"name":"New Alutech 44. Fiabilidad y dise\u00f1o para cualquier espacio p\u00fablico."}]},{"@type":"WebSite","@id":"https:\/\/www.dierre.com\/#website","url":"https:\/\/www.dierre.com\/","name":"Dierre","description":"","publisher":{"@id":"https:\/\/www.dierre.com\/#organization"},"potentialAction":[{"@type":"SearchAction","target":{"@type":"EntryPoint","urlTemplate":"https:\/\/www.dierre.com\/?s={search_term_string}"},"query-input":{"@type":"PropertyValueSpecification","valueRequired":true,"valueName":"search_term_string"}}],"inLanguage":"es"},{"@type":"Organization","@id":"https:\/\/www.dierre.com\/#organization","name":"Dierre","url":"https:\/\/www.dierre.com\/","logo":{"@type":"ImageObject","inLanguage":"es","@id":"https:\/\/www.dierre.com\/#\/schema\/logo\/image\/","url":"https:\/\/www.dierre.com\/wp-content\/uploads\/2023\/08\/dierre_organisation_logo.jpeg","contentUrl":"https:\/\/www.dierre.com\/wp-content\/uploads\/2023\/08\/dierre_organisation_logo.jpeg","width":696,"height":696,"caption":"Dierre"},"image":{"@id":"https:\/\/www.dierre.com\/#\/schema\/logo\/image\/"}}]}},"_links":{"self":[{"href":"https:\/\/www.dierre.com\/es\/wp-json\/wp\/v2\/pages\/26639","targetHints":{"allow":["GET"]}}],"collection":[{"href":"https:\/\/www.dierre.com\/es\/wp-json\/wp\/v2\/pages"}],"about":[{"href":"https:\/\/www.dierre.com\/es\/wp-json\/wp\/v2\/types\/page"}],"author":[{"embeddable":true,"href":"https:\/\/www.dierre.com\/es\/wp-json\/wp\/v2\/users\/1"}],"replies":[{"embeddable":true,"href":"https:\/\/www.dierre.com\/es\/wp-json\/wp\/v2\/comments?post=26639"}],"version-history":[{"count":2,"href":"https:\/\/www.dierre.com\/es\/wp-json\/wp\/v2\/pages\/26639\/revisions"}],"predecessor-version":[{"id":26812,"href":"https:\/\/www.dierre.com\/es\/wp-json\/wp\/v2\/pages\/26639\/revisions\/26812"}],"wp:featuredmedia":[{"embeddable":true,"href":"https:\/\/www.dierre.com\/es\/wp-json\/wp\/v2\/media\/26656"}],"wp:attachment":[{"href":"https:\/\/www.dierre.com\/es\/wp-json\/wp\/v2\/media?parent=26639"}],"curies":[{"name":"wp","href":"https:\/\/api.w.org\/{rel}","templated":true}]}}