{"id":13292,"date":"2022-04-27T12:42:00","date_gmt":"2022-04-27T10:42:00","guid":{"rendered":"https:\/\/www.dierre.com\/abc\/"},"modified":"2022-11-29T15:23:53","modified_gmt":"2022-11-29T14:23:53","slug":"abcdierre","status":"publish","type":"page","link":"https:\/\/www.dierre.com\/fr\/abcdierre\/","title":{"rendered":"ABCDierre"},"content":{"rendered":"<p class=\"p1\"><b>ABCDierre : un univers de solutions pour les concepteurs<\/b><\/p>\n<p class=\"p1\"><b><br \/>\n<\/b>La s\u00e9curit\u00e9, l\u2019innovation et la personnalisation ont fa\u00e7onn\u00e9 un nouveau catalogue pens\u00e9 pour les professionnels :<br \/>\n<strong>ABCDierre.<\/strong><br \/>\nToutes les solutions mises au point par Dierre pour la maison, les h\u00f4tels, l\u2019industrie et le secteur des services, divis\u00e9es en deux sections respectivement consacr\u00e9es aux diff\u00e9rents <strong>chantiers\u00a0<\/strong>et aux diff\u00e9rents\u00a0<strong>produits<\/strong>.<\/p>\n<p class=\"p1\"><b><br \/>\nUn outil de travail efficace et actualis\u00e9.<\/b><\/p>\n","protected":false},"excerpt":{"rendered":"<p>ABCDierre : un univers de solutions pour les concepteurs La s\u00e9curit\u00e9, l\u2019innovation et la personnalisation ont fa\u00e7onn\u00e9 un nouveau catalogue pens\u00e9 pour les professionnels : ABCDierre. Toutes les solutions mises au point par Dierre pour la maison, les h\u00f4tels, l\u2019industrie et le secteur des services, divis\u00e9es en deux sections respectivement consacr\u00e9es aux diff\u00e9rents chantiers\u00a0et aux <a href=\"https:\/\/www.dierre.com\/fr\/abcdierre\/\" class=\"more-link\">&#8230;<\/a><\/p>\n","protected":false},"author":1,"featured_media":13294,"parent":0,"menu_order":0,"comment_status":"closed","ping_status":"closed","template":"template-realizzazioni_stile_one_page.php","meta":{"_acf_changed":false,"footnotes":""},"class_list":["post-13292","page","type-page","status-publish","has-post-thumbnail","hentry"],"acf":[],"yoast_head":"<!-- This site is optimized with the Yoast SEO plugin v26.7 - https:\/\/yoast.com\/wordpress\/plugins\/seo\/ -->\n<title>ABCDierre - Dierre<\/title>\n<meta name=\"robots\" content=\"index, follow, max-snippet:-1, max-image-preview:large, max-video-preview:-1\" \/>\n<link rel=\"canonical\" href=\"https:\/\/www.dierre.com\/fr\/abcdierre\/\" \/>\n<meta property=\"og:locale\" content=\"fr_FR\" \/>\n<meta property=\"og:type\" content=\"article\" \/>\n<meta property=\"og:title\" content=\"ABCDierre - Dierre\" \/>\n<meta property=\"og:description\" content=\"ABCDierre : un univers de solutions pour les concepteurs La s\u00e9curit\u00e9, l\u2019innovation et la personnalisation ont fa\u00e7onn\u00e9 un nouveau catalogue pens\u00e9 pour les professionnels : ABCDierre. Toutes les solutions mises au point par Dierre pour la maison, les h\u00f4tels, l\u2019industrie et le secteur des services, divis\u00e9es en deux sections respectivement consacr\u00e9es aux diff\u00e9rents chantiers\u00a0et aux ...\" \/>\n<meta property=\"og:url\" content=\"https:\/\/www.dierre.com\/fr\/abcdierre\/\" \/>\n<meta property=\"og:site_name\" content=\"Dierre\" \/>\n<meta property=\"article:modified_time\" content=\"2022-11-29T14:23:53+00:00\" \/>\n<meta property=\"og:image\" content=\"https:\/\/www.dierre.com\/wp-content\/uploads\/2022\/04\/ABC_Dierre-e1651057367709.jpg\" \/>\n\t<meta property=\"og:image:width\" content=\"1920\" \/>\n\t<meta property=\"og:image:height\" content=\"800\" \/>\n\t<meta property=\"og:image:type\" content=\"image\/jpeg\" \/>\n<meta name=\"twitter:card\" content=\"summary_large_image\" \/>\n<meta name=\"twitter:label1\" content=\"Dur\u00e9e de lecture estim\u00e9e\" \/>\n\t<meta name=\"twitter:data1\" content=\"1 minute\" \/>\n<script type=\"application\/ld+json\" class=\"yoast-schema-graph\">{\"@context\":\"https:\/\/schema.org\",\"@graph\":[{\"@type\":\"WebPage\",\"@id\":\"https:\/\/www.dierre.com\/fr\/abcdierre\/\",\"url\":\"https:\/\/www.dierre.com\/fr\/abcdierre\/\",\"name\":\"ABCDierre - Dierre\",\"isPartOf\":{\"@id\":\"https:\/\/www.dierre.com\/#website\"},\"primaryImageOfPage\":{\"@id\":\"https:\/\/www.dierre.com\/fr\/abcdierre\/#primaryimage\"},\"image\":{\"@id\":\"https:\/\/www.dierre.com\/fr\/abcdierre\/#primaryimage\"},\"thumbnailUrl\":\"https:\/\/www.dierre.com\/wp-content\/uploads\/2022\/04\/ABC_Dierre-e1651057367709.jpg\",\"datePublished\":\"2022-04-27T10:42:00+00:00\",\"dateModified\":\"2022-11-29T14:23:53+00:00\",\"breadcrumb\":{\"@id\":\"https:\/\/www.dierre.com\/fr\/abcdierre\/#breadcrumb\"},\"inLanguage\":\"fr-FR\",\"potentialAction\":[{\"@type\":\"ReadAction\",\"target\":[\"https:\/\/www.dierre.com\/fr\/abcdierre\/\"]}]},{\"@type\":\"ImageObject\",\"inLanguage\":\"fr-FR\",\"@id\":\"https:\/\/www.dierre.com\/fr\/abcdierre\/#primaryimage\",\"url\":\"https:\/\/www.dierre.com\/wp-content\/uploads\/2022\/04\/ABC_Dierre-e1651057367709.jpg\",\"contentUrl\":\"https:\/\/www.dierre.com\/wp-content\/uploads\/2022\/04\/ABC_Dierre-e1651057367709.jpg\",\"width\":1920,\"height\":800},{\"@type\":\"BreadcrumbList\",\"@id\":\"https:\/\/www.dierre.com\/fr\/abcdierre\/#breadcrumb\",\"itemListElement\":[{\"@type\":\"ListItem\",\"position\":1,\"name\":\"Home\",\"item\":\"https:\/\/www.dierre.com\/fr\/\"},{\"@type\":\"ListItem\",\"position\":2,\"name\":\"ABCDierre\"}]},{\"@type\":\"WebSite\",\"@id\":\"https:\/\/www.dierre.com\/#website\",\"url\":\"https:\/\/www.dierre.com\/\",\"name\":\"Dierre\",\"description\":\"\",\"publisher\":{\"@id\":\"https:\/\/www.dierre.com\/#organization\"},\"potentialAction\":[{\"@type\":\"SearchAction\",\"target\":{\"@type\":\"EntryPoint\",\"urlTemplate\":\"https:\/\/www.dierre.com\/?s={search_term_string}\"},\"query-input\":{\"@type\":\"PropertyValueSpecification\",\"valueRequired\":true,\"valueName\":\"search_term_string\"}}],\"inLanguage\":\"fr-FR\"},{\"@type\":\"Organization\",\"@id\":\"https:\/\/www.dierre.com\/#organization\",\"name\":\"Dierre\",\"url\":\"https:\/\/www.dierre.com\/\",\"logo\":{\"@type\":\"ImageObject\",\"inLanguage\":\"fr-FR\",\"@id\":\"https:\/\/www.dierre.com\/#\/schema\/logo\/image\/\",\"url\":\"https:\/\/www.dierre.com\/wp-content\/uploads\/2023\/08\/dierre_organisation_logo.jpeg\",\"contentUrl\":\"https:\/\/www.dierre.com\/wp-content\/uploads\/2023\/08\/dierre_organisation_logo.jpeg\",\"width\":696,\"height\":696,\"caption\":\"Dierre\"},\"image\":{\"@id\":\"https:\/\/www.dierre.com\/#\/schema\/logo\/image\/\"}}]}<\/script>\n<!-- \/ Yoast SEO plugin. -->","yoast_head_json":{"title":"ABCDierre - Dierre","robots":{"index":"index","follow":"follow","max-snippet":"max-snippet:-1","max-image-preview":"max-image-preview:large","max-video-preview":"max-video-preview:-1"},"canonical":"https:\/\/www.dierre.com\/fr\/abcdierre\/","og_locale":"fr_FR","og_type":"article","og_title":"ABCDierre - Dierre","og_description":"ABCDierre : un univers de solutions pour les concepteurs La s\u00e9curit\u00e9, l\u2019innovation et la personnalisation ont fa\u00e7onn\u00e9 un nouveau catalogue pens\u00e9 pour les professionnels : ABCDierre. Toutes les solutions mises au point par Dierre pour la maison, les h\u00f4tels, l\u2019industrie et le secteur des services, divis\u00e9es en deux sections respectivement consacr\u00e9es aux diff\u00e9rents chantiers\u00a0et aux ...","og_url":"https:\/\/www.dierre.com\/fr\/abcdierre\/","og_site_name":"Dierre","article_modified_time":"2022-11-29T14:23:53+00:00","og_image":[{"width":1920,"height":800,"url":"https:\/\/www.dierre.com\/wp-content\/uploads\/2022\/04\/ABC_Dierre-e1651057367709.jpg","type":"image\/jpeg"}],"twitter_card":"summary_large_image","twitter_misc":{"Dur\u00e9e de lecture estim\u00e9e":"1 minute"},"schema":{"@context":"https:\/\/schema.org","@graph":[{"@type":"WebPage","@id":"https:\/\/www.dierre.com\/fr\/abcdierre\/","url":"https:\/\/www.dierre.com\/fr\/abcdierre\/","name":"ABCDierre - Dierre","isPartOf":{"@id":"https:\/\/www.dierre.com\/#website"},"primaryImageOfPage":{"@id":"https:\/\/www.dierre.com\/fr\/abcdierre\/#primaryimage"},"image":{"@id":"https:\/\/www.dierre.com\/fr\/abcdierre\/#primaryimage"},"thumbnailUrl":"https:\/\/www.dierre.com\/wp-content\/uploads\/2022\/04\/ABC_Dierre-e1651057367709.jpg","datePublished":"2022-04-27T10:42:00+00:00","dateModified":"2022-11-29T14:23:53+00:00","breadcrumb":{"@id":"https:\/\/www.dierre.com\/fr\/abcdierre\/#breadcrumb"},"inLanguage":"fr-FR","potentialAction":[{"@type":"ReadAction","target":["https:\/\/www.dierre.com\/fr\/abcdierre\/"]}]},{"@type":"ImageObject","inLanguage":"fr-FR","@id":"https:\/\/www.dierre.com\/fr\/abcdierre\/#primaryimage","url":"https:\/\/www.dierre.com\/wp-content\/uploads\/2022\/04\/ABC_Dierre-e1651057367709.jpg","contentUrl":"https:\/\/www.dierre.com\/wp-content\/uploads\/2022\/04\/ABC_Dierre-e1651057367709.jpg","width":1920,"height":800},{"@type":"BreadcrumbList","@id":"https:\/\/www.dierre.com\/fr\/abcdierre\/#breadcrumb","itemListElement":[{"@type":"ListItem","position":1,"name":"Home","item":"https:\/\/www.dierre.com\/fr\/"},{"@type":"ListItem","position":2,"name":"ABCDierre"}]},{"@type":"WebSite","@id":"https:\/\/www.dierre.com\/#website","url":"https:\/\/www.dierre.com\/","name":"Dierre","description":"","publisher":{"@id":"https:\/\/www.dierre.com\/#organization"},"potentialAction":[{"@type":"SearchAction","target":{"@type":"EntryPoint","urlTemplate":"https:\/\/www.dierre.com\/?s={search_term_string}"},"query-input":{"@type":"PropertyValueSpecification","valueRequired":true,"valueName":"search_term_string"}}],"inLanguage":"fr-FR"},{"@type":"Organization","@id":"https:\/\/www.dierre.com\/#organization","name":"Dierre","url":"https:\/\/www.dierre.com\/","logo":{"@type":"ImageObject","inLanguage":"fr-FR","@id":"https:\/\/www.dierre.com\/#\/schema\/logo\/image\/","url":"https:\/\/www.dierre.com\/wp-content\/uploads\/2023\/08\/dierre_organisation_logo.jpeg","contentUrl":"https:\/\/www.dierre.com\/wp-content\/uploads\/2023\/08\/dierre_organisation_logo.jpeg","width":696,"height":696,"caption":"Dierre"},"image":{"@id":"https:\/\/www.dierre.com\/#\/schema\/logo\/image\/"}}]}},"_links":{"self":[{"href":"https:\/\/www.dierre.com\/fr\/wp-json\/wp\/v2\/pages\/13292","targetHints":{"allow":["GET"]}}],"collection":[{"href":"https:\/\/www.dierre.com\/fr\/wp-json\/wp\/v2\/pages"}],"about":[{"href":"https:\/\/www.dierre.com\/fr\/wp-json\/wp\/v2\/types\/page"}],"author":[{"embeddable":true,"href":"https:\/\/www.dierre.com\/fr\/wp-json\/wp\/v2\/users\/1"}],"replies":[{"embeddable":true,"href":"https:\/\/www.dierre.com\/fr\/wp-json\/wp\/v2\/comments?post=13292"}],"version-history":[{"count":2,"href":"https:\/\/www.dierre.com\/fr\/wp-json\/wp\/v2\/pages\/13292\/revisions"}],"predecessor-version":[{"id":15068,"href":"https:\/\/www.dierre.com\/fr\/wp-json\/wp\/v2\/pages\/13292\/revisions\/15068"}],"wp:featuredmedia":[{"embeddable":true,"href":"https:\/\/www.dierre.com\/fr\/wp-json\/wp\/v2\/media\/13294"}],"wp:attachment":[{"href":"https:\/\/www.dierre.com\/fr\/wp-json\/wp\/v2\/media?parent=13292"}],"curies":[{"name":"wp","href":"https:\/\/api.w.org\/{rel}","templated":true}]}}