{"id":13302,"date":"2022-04-27T15:58:00","date_gmt":"2022-04-27T13:58:00","guid":{"rendered":"https:\/\/www.dierre.com\/bonus-fiscali\/"},"modified":"2022-11-29T15:24:05","modified_gmt":"2022-11-29T14:24:05","slug":"bonus-fiscaux","status":"publish","type":"page","link":"https:\/\/www.dierre.com\/fr\/bonus-fiscaux\/","title":{"rendered":"Bonus fiscaux"},"content":{"rendered":"<p class=\"p1\">Un bonus pour chaque produit Dierre. 50% <strong>Bonus S\u00e9curit\u00e9<\/strong>, 50% <strong>EcoBonus<\/strong>, 50% <strong>Bonus<\/strong> <strong>R\u00e9novation<\/strong>, 110% <strong>Super<\/strong>&#8211;<strong>Bonus<\/strong>.<\/p>\n","protected":false},"excerpt":{"rendered":"<p>Un bonus pour chaque produit Dierre. 50% Bonus S\u00e9curit\u00e9, 50% EcoBonus, 50% Bonus R\u00e9novation, 110% Super&#8211;Bonus.<\/p>\n","protected":false},"author":1,"featured_media":13304,"parent":0,"menu_order":0,"comment_status":"closed","ping_status":"closed","template":"template-realizzazioni_stile_one_page.php","meta":{"_acf_changed":false,"footnotes":""},"class_list":["post-13302","page","type-page","status-publish","has-post-thumbnail","hentry"],"acf":[],"yoast_head":"<!-- This site is optimized with the Yoast SEO plugin v26.7 - https:\/\/yoast.com\/wordpress\/plugins\/seo\/ -->\n<title>Bonus fiscaux - Dierre<\/title>\n<meta name=\"robots\" content=\"index, follow, max-snippet:-1, max-image-preview:large, max-video-preview:-1\" \/>\n<link rel=\"canonical\" href=\"https:\/\/www.dierre.com\/fr\/bonus-fiscaux\/\" \/>\n<meta property=\"og:locale\" content=\"fr_FR\" \/>\n<meta property=\"og:type\" content=\"article\" \/>\n<meta property=\"og:title\" content=\"Bonus fiscaux - Dierre\" \/>\n<meta property=\"og:description\" content=\"Un bonus pour chaque produit Dierre. 50% Bonus S\u00e9curit\u00e9, 50% EcoBonus, 50% Bonus R\u00e9novation, 110% Super&#8211;Bonus.\" \/>\n<meta property=\"og:url\" content=\"https:\/\/www.dierre.com\/fr\/bonus-fiscaux\/\" \/>\n<meta property=\"og:site_name\" content=\"Dierre\" \/>\n<meta property=\"article:modified_time\" content=\"2022-11-29T14:24:05+00:00\" \/>\n<meta property=\"og:image\" content=\"https:\/\/www.dierre.com\/wp-content\/uploads\/2022\/04\/dierre_bonusfiscali_2022.jpg\" \/>\n\t<meta property=\"og:image:width\" content=\"1920\" \/>\n\t<meta property=\"og:image:height\" content=\"800\" \/>\n\t<meta property=\"og:image:type\" content=\"image\/jpeg\" \/>\n<meta name=\"twitter:card\" content=\"summary_large_image\" \/>\n<meta name=\"twitter:label1\" content=\"Dur\u00e9e de lecture estim\u00e9e\" \/>\n\t<meta name=\"twitter:data1\" content=\"1 minute\" \/>\n<script type=\"application\/ld+json\" class=\"yoast-schema-graph\">{\"@context\":\"https:\/\/schema.org\",\"@graph\":[{\"@type\":\"WebPage\",\"@id\":\"https:\/\/www.dierre.com\/fr\/bonus-fiscaux\/\",\"url\":\"https:\/\/www.dierre.com\/fr\/bonus-fiscaux\/\",\"name\":\"Bonus fiscaux - Dierre\",\"isPartOf\":{\"@id\":\"https:\/\/www.dierre.com\/#website\"},\"primaryImageOfPage\":{\"@id\":\"https:\/\/www.dierre.com\/fr\/bonus-fiscaux\/#primaryimage\"},\"image\":{\"@id\":\"https:\/\/www.dierre.com\/fr\/bonus-fiscaux\/#primaryimage\"},\"thumbnailUrl\":\"https:\/\/www.dierre.com\/wp-content\/uploads\/2022\/04\/dierre_bonusfiscali_2022.jpg\",\"datePublished\":\"2022-04-27T13:58:00+00:00\",\"dateModified\":\"2022-11-29T14:24:05+00:00\",\"breadcrumb\":{\"@id\":\"https:\/\/www.dierre.com\/fr\/bonus-fiscaux\/#breadcrumb\"},\"inLanguage\":\"fr-FR\",\"potentialAction\":[{\"@type\":\"ReadAction\",\"target\":[\"https:\/\/www.dierre.com\/fr\/bonus-fiscaux\/\"]}]},{\"@type\":\"ImageObject\",\"inLanguage\":\"fr-FR\",\"@id\":\"https:\/\/www.dierre.com\/fr\/bonus-fiscaux\/#primaryimage\",\"url\":\"https:\/\/www.dierre.com\/wp-content\/uploads\/2022\/04\/dierre_bonusfiscali_2022.jpg\",\"contentUrl\":\"https:\/\/www.dierre.com\/wp-content\/uploads\/2022\/04\/dierre_bonusfiscali_2022.jpg\",\"width\":1920,\"height\":800},{\"@type\":\"BreadcrumbList\",\"@id\":\"https:\/\/www.dierre.com\/fr\/bonus-fiscaux\/#breadcrumb\",\"itemListElement\":[{\"@type\":\"ListItem\",\"position\":1,\"name\":\"Home\",\"item\":\"https:\/\/www.dierre.com\/fr\/\"},{\"@type\":\"ListItem\",\"position\":2,\"name\":\"Bonus fiscaux\"}]},{\"@type\":\"WebSite\",\"@id\":\"https:\/\/www.dierre.com\/#website\",\"url\":\"https:\/\/www.dierre.com\/\",\"name\":\"Dierre\",\"description\":\"\",\"publisher\":{\"@id\":\"https:\/\/www.dierre.com\/#organization\"},\"potentialAction\":[{\"@type\":\"SearchAction\",\"target\":{\"@type\":\"EntryPoint\",\"urlTemplate\":\"https:\/\/www.dierre.com\/?s={search_term_string}\"},\"query-input\":{\"@type\":\"PropertyValueSpecification\",\"valueRequired\":true,\"valueName\":\"search_term_string\"}}],\"inLanguage\":\"fr-FR\"},{\"@type\":\"Organization\",\"@id\":\"https:\/\/www.dierre.com\/#organization\",\"name\":\"Dierre\",\"url\":\"https:\/\/www.dierre.com\/\",\"logo\":{\"@type\":\"ImageObject\",\"inLanguage\":\"fr-FR\",\"@id\":\"https:\/\/www.dierre.com\/#\/schema\/logo\/image\/\",\"url\":\"https:\/\/www.dierre.com\/wp-content\/uploads\/2023\/08\/dierre_organisation_logo.jpeg\",\"contentUrl\":\"https:\/\/www.dierre.com\/wp-content\/uploads\/2023\/08\/dierre_organisation_logo.jpeg\",\"width\":696,\"height\":696,\"caption\":\"Dierre\"},\"image\":{\"@id\":\"https:\/\/www.dierre.com\/#\/schema\/logo\/image\/\"}}]}<\/script>\n<!-- \/ Yoast SEO plugin. -->","yoast_head_json":{"title":"Bonus fiscaux - Dierre","robots":{"index":"index","follow":"follow","max-snippet":"max-snippet:-1","max-image-preview":"max-image-preview:large","max-video-preview":"max-video-preview:-1"},"canonical":"https:\/\/www.dierre.com\/fr\/bonus-fiscaux\/","og_locale":"fr_FR","og_type":"article","og_title":"Bonus fiscaux - Dierre","og_description":"Un bonus pour chaque produit Dierre. 50% Bonus S\u00e9curit\u00e9, 50% EcoBonus, 50% Bonus R\u00e9novation, 110% Super&#8211;Bonus.","og_url":"https:\/\/www.dierre.com\/fr\/bonus-fiscaux\/","og_site_name":"Dierre","article_modified_time":"2022-11-29T14:24:05+00:00","og_image":[{"width":1920,"height":800,"url":"https:\/\/www.dierre.com\/wp-content\/uploads\/2022\/04\/dierre_bonusfiscali_2022.jpg","type":"image\/jpeg"}],"twitter_card":"summary_large_image","twitter_misc":{"Dur\u00e9e de lecture estim\u00e9e":"1 minute"},"schema":{"@context":"https:\/\/schema.org","@graph":[{"@type":"WebPage","@id":"https:\/\/www.dierre.com\/fr\/bonus-fiscaux\/","url":"https:\/\/www.dierre.com\/fr\/bonus-fiscaux\/","name":"Bonus fiscaux - Dierre","isPartOf":{"@id":"https:\/\/www.dierre.com\/#website"},"primaryImageOfPage":{"@id":"https:\/\/www.dierre.com\/fr\/bonus-fiscaux\/#primaryimage"},"image":{"@id":"https:\/\/www.dierre.com\/fr\/bonus-fiscaux\/#primaryimage"},"thumbnailUrl":"https:\/\/www.dierre.com\/wp-content\/uploads\/2022\/04\/dierre_bonusfiscali_2022.jpg","datePublished":"2022-04-27T13:58:00+00:00","dateModified":"2022-11-29T14:24:05+00:00","breadcrumb":{"@id":"https:\/\/www.dierre.com\/fr\/bonus-fiscaux\/#breadcrumb"},"inLanguage":"fr-FR","potentialAction":[{"@type":"ReadAction","target":["https:\/\/www.dierre.com\/fr\/bonus-fiscaux\/"]}]},{"@type":"ImageObject","inLanguage":"fr-FR","@id":"https:\/\/www.dierre.com\/fr\/bonus-fiscaux\/#primaryimage","url":"https:\/\/www.dierre.com\/wp-content\/uploads\/2022\/04\/dierre_bonusfiscali_2022.jpg","contentUrl":"https:\/\/www.dierre.com\/wp-content\/uploads\/2022\/04\/dierre_bonusfiscali_2022.jpg","width":1920,"height":800},{"@type":"BreadcrumbList","@id":"https:\/\/www.dierre.com\/fr\/bonus-fiscaux\/#breadcrumb","itemListElement":[{"@type":"ListItem","position":1,"name":"Home","item":"https:\/\/www.dierre.com\/fr\/"},{"@type":"ListItem","position":2,"name":"Bonus fiscaux"}]},{"@type":"WebSite","@id":"https:\/\/www.dierre.com\/#website","url":"https:\/\/www.dierre.com\/","name":"Dierre","description":"","publisher":{"@id":"https:\/\/www.dierre.com\/#organization"},"potentialAction":[{"@type":"SearchAction","target":{"@type":"EntryPoint","urlTemplate":"https:\/\/www.dierre.com\/?s={search_term_string}"},"query-input":{"@type":"PropertyValueSpecification","valueRequired":true,"valueName":"search_term_string"}}],"inLanguage":"fr-FR"},{"@type":"Organization","@id":"https:\/\/www.dierre.com\/#organization","name":"Dierre","url":"https:\/\/www.dierre.com\/","logo":{"@type":"ImageObject","inLanguage":"fr-FR","@id":"https:\/\/www.dierre.com\/#\/schema\/logo\/image\/","url":"https:\/\/www.dierre.com\/wp-content\/uploads\/2023\/08\/dierre_organisation_logo.jpeg","contentUrl":"https:\/\/www.dierre.com\/wp-content\/uploads\/2023\/08\/dierre_organisation_logo.jpeg","width":696,"height":696,"caption":"Dierre"},"image":{"@id":"https:\/\/www.dierre.com\/#\/schema\/logo\/image\/"}}]}},"_links":{"self":[{"href":"https:\/\/www.dierre.com\/fr\/wp-json\/wp\/v2\/pages\/13302","targetHints":{"allow":["GET"]}}],"collection":[{"href":"https:\/\/www.dierre.com\/fr\/wp-json\/wp\/v2\/pages"}],"about":[{"href":"https:\/\/www.dierre.com\/fr\/wp-json\/wp\/v2\/types\/page"}],"author":[{"embeddable":true,"href":"https:\/\/www.dierre.com\/fr\/wp-json\/wp\/v2\/users\/1"}],"replies":[{"embeddable":true,"href":"https:\/\/www.dierre.com\/fr\/wp-json\/wp\/v2\/comments?post=13302"}],"version-history":[{"count":2,"href":"https:\/\/www.dierre.com\/fr\/wp-json\/wp\/v2\/pages\/13302\/revisions"}],"predecessor-version":[{"id":15071,"href":"https:\/\/www.dierre.com\/fr\/wp-json\/wp\/v2\/pages\/13302\/revisions\/15071"}],"wp:featuredmedia":[{"embeddable":true,"href":"https:\/\/www.dierre.com\/fr\/wp-json\/wp\/v2\/media\/13304"}],"wp:attachment":[{"href":"https:\/\/www.dierre.com\/fr\/wp-json\/wp\/v2\/media?parent=13302"}],"curies":[{"name":"wp","href":"https:\/\/api.w.org\/{rel}","templated":true}]}}