{"id":13338,"date":"2022-05-11T15:06:06","date_gmt":"2022-05-11T13:06:06","guid":{"rendered":"https:\/\/www.dierre.com\/magazine\/"},"modified":"2022-11-29T15:24:34","modified_gmt":"2022-11-29T14:24:34","slug":"magazine","status":"publish","type":"page","link":"https:\/\/www.dierre.com\/fr\/magazine\/","title":{"rendered":"Magazine"},"content":{"rendered":"<h3><strong>Dierremag <\/strong>est n\u00e9.<strong> Notre nouveau magazine sur les espaces de vie contemporains.<\/strong><\/h3>\n<p>&nbsp;<\/p>\n<p>Il raconte notre histoire et les valeurs qui ont fait de nous ce que nous sommes : innovation technologique, s\u00e9lection intelligente des mat\u00e9riaux, attention port\u00e9e aux \u00e9conomies d&rsquo;\u00e9nergie, \u00e9quilibre des formes et du design. Nous les racontons \u00e0 travers les sujets qui nous int\u00e9ressent, les projets dont nous sommes fiers, les voix des personnes qui nous ont choisis et les entretiens avec des sp\u00e9cialistes du secteur.<\/p>\n","protected":false},"excerpt":{"rendered":"<p>Dierremag est n\u00e9. Notre nouveau magazine sur les espaces de vie contemporains. &nbsp; Il raconte notre histoire et les valeurs qui ont fait de nous ce que nous sommes : innovation technologique, s\u00e9lection intelligente des mat\u00e9riaux, attention port\u00e9e aux \u00e9conomies d&rsquo;\u00e9nergie, \u00e9quilibre des formes et du design. Nous les racontons \u00e0 travers les sujets qui <a href=\"https:\/\/www.dierre.com\/fr\/magazine\/\" class=\"more-link\">&#8230;<\/a><\/p>\n","protected":false},"author":1,"featured_media":13340,"parent":0,"menu_order":0,"comment_status":"closed","ping_status":"closed","template":"template-realizzazioni_stile_one_page.php","meta":{"_acf_changed":false,"footnotes":""},"class_list":["post-13338","page","type-page","status-publish","has-post-thumbnail","hentry"],"acf":[],"yoast_head":"<!-- This site is optimized with the Yoast SEO plugin v26.7 - https:\/\/yoast.com\/wordpress\/plugins\/seo\/ -->\n<title>Magazine - Dierre<\/title>\n<meta name=\"robots\" content=\"index, follow, max-snippet:-1, max-image-preview:large, max-video-preview:-1\" \/>\n<link rel=\"canonical\" href=\"https:\/\/www.dierre.com\/fr\/magazine\/\" \/>\n<meta property=\"og:locale\" content=\"fr_FR\" \/>\n<meta property=\"og:type\" content=\"article\" \/>\n<meta property=\"og:title\" content=\"Magazine - Dierre\" \/>\n<meta property=\"og:description\" content=\"Dierremag est n\u00e9. Notre nouveau magazine sur les espaces de vie contemporains. &nbsp; Il raconte notre histoire et les valeurs qui ont fait de nous ce que nous sommes : innovation technologique, s\u00e9lection intelligente des mat\u00e9riaux, attention port\u00e9e aux \u00e9conomies d&rsquo;\u00e9nergie, \u00e9quilibre des formes et du design. Nous les racontons \u00e0 travers les sujets qui ...\" \/>\n<meta property=\"og:url\" content=\"https:\/\/www.dierre.com\/fr\/magazine\/\" \/>\n<meta property=\"og:site_name\" content=\"Dierre\" \/>\n<meta property=\"article:modified_time\" content=\"2022-11-29T14:24:34+00:00\" \/>\n<meta property=\"og:image\" content=\"https:\/\/www.dierre.com\/wp-content\/uploads\/2022\/05\/cover-dierre-magazine-maggio2022.jpg\" \/>\n\t<meta property=\"og:image:width\" content=\"1920\" \/>\n\t<meta property=\"og:image:height\" content=\"800\" \/>\n\t<meta property=\"og:image:type\" content=\"image\/jpeg\" \/>\n<meta name=\"twitter:card\" content=\"summary_large_image\" \/>\n<meta name=\"twitter:label1\" content=\"Dur\u00e9e de lecture estim\u00e9e\" \/>\n\t<meta name=\"twitter:data1\" content=\"1 minute\" \/>\n<script type=\"application\/ld+json\" class=\"yoast-schema-graph\">{\"@context\":\"https:\/\/schema.org\",\"@graph\":[{\"@type\":\"WebPage\",\"@id\":\"https:\/\/www.dierre.com\/fr\/magazine\/\",\"url\":\"https:\/\/www.dierre.com\/fr\/magazine\/\",\"name\":\"Magazine - Dierre\",\"isPartOf\":{\"@id\":\"https:\/\/www.dierre.com\/#website\"},\"primaryImageOfPage\":{\"@id\":\"https:\/\/www.dierre.com\/fr\/magazine\/#primaryimage\"},\"image\":{\"@id\":\"https:\/\/www.dierre.com\/fr\/magazine\/#primaryimage\"},\"thumbnailUrl\":\"https:\/\/www.dierre.com\/wp-content\/uploads\/2022\/05\/cover-dierre-magazine-maggio2022.jpg\",\"datePublished\":\"2022-05-11T13:06:06+00:00\",\"dateModified\":\"2022-11-29T14:24:34+00:00\",\"breadcrumb\":{\"@id\":\"https:\/\/www.dierre.com\/fr\/magazine\/#breadcrumb\"},\"inLanguage\":\"fr-FR\",\"potentialAction\":[{\"@type\":\"ReadAction\",\"target\":[\"https:\/\/www.dierre.com\/fr\/magazine\/\"]}]},{\"@type\":\"ImageObject\",\"inLanguage\":\"fr-FR\",\"@id\":\"https:\/\/www.dierre.com\/fr\/magazine\/#primaryimage\",\"url\":\"https:\/\/www.dierre.com\/wp-content\/uploads\/2022\/05\/cover-dierre-magazine-maggio2022.jpg\",\"contentUrl\":\"https:\/\/www.dierre.com\/wp-content\/uploads\/2022\/05\/cover-dierre-magazine-maggio2022.jpg\",\"width\":1920,\"height\":800},{\"@type\":\"BreadcrumbList\",\"@id\":\"https:\/\/www.dierre.com\/fr\/magazine\/#breadcrumb\",\"itemListElement\":[{\"@type\":\"ListItem\",\"position\":1,\"name\":\"Home\",\"item\":\"https:\/\/www.dierre.com\/fr\/\"},{\"@type\":\"ListItem\",\"position\":2,\"name\":\"Magazine\"}]},{\"@type\":\"WebSite\",\"@id\":\"https:\/\/www.dierre.com\/#website\",\"url\":\"https:\/\/www.dierre.com\/\",\"name\":\"Dierre\",\"description\":\"\",\"publisher\":{\"@id\":\"https:\/\/www.dierre.com\/#organization\"},\"potentialAction\":[{\"@type\":\"SearchAction\",\"target\":{\"@type\":\"EntryPoint\",\"urlTemplate\":\"https:\/\/www.dierre.com\/?s={search_term_string}\"},\"query-input\":{\"@type\":\"PropertyValueSpecification\",\"valueRequired\":true,\"valueName\":\"search_term_string\"}}],\"inLanguage\":\"fr-FR\"},{\"@type\":\"Organization\",\"@id\":\"https:\/\/www.dierre.com\/#organization\",\"name\":\"Dierre\",\"url\":\"https:\/\/www.dierre.com\/\",\"logo\":{\"@type\":\"ImageObject\",\"inLanguage\":\"fr-FR\",\"@id\":\"https:\/\/www.dierre.com\/#\/schema\/logo\/image\/\",\"url\":\"https:\/\/www.dierre.com\/wp-content\/uploads\/2023\/08\/dierre_organisation_logo.jpeg\",\"contentUrl\":\"https:\/\/www.dierre.com\/wp-content\/uploads\/2023\/08\/dierre_organisation_logo.jpeg\",\"width\":696,\"height\":696,\"caption\":\"Dierre\"},\"image\":{\"@id\":\"https:\/\/www.dierre.com\/#\/schema\/logo\/image\/\"}}]}<\/script>\n<!-- \/ Yoast SEO plugin. -->","yoast_head_json":{"title":"Magazine - Dierre","robots":{"index":"index","follow":"follow","max-snippet":"max-snippet:-1","max-image-preview":"max-image-preview:large","max-video-preview":"max-video-preview:-1"},"canonical":"https:\/\/www.dierre.com\/fr\/magazine\/","og_locale":"fr_FR","og_type":"article","og_title":"Magazine - Dierre","og_description":"Dierremag est n\u00e9. Notre nouveau magazine sur les espaces de vie contemporains. &nbsp; Il raconte notre histoire et les valeurs qui ont fait de nous ce que nous sommes : innovation technologique, s\u00e9lection intelligente des mat\u00e9riaux, attention port\u00e9e aux \u00e9conomies d&rsquo;\u00e9nergie, \u00e9quilibre des formes et du design. Nous les racontons \u00e0 travers les sujets qui ...","og_url":"https:\/\/www.dierre.com\/fr\/magazine\/","og_site_name":"Dierre","article_modified_time":"2022-11-29T14:24:34+00:00","og_image":[{"width":1920,"height":800,"url":"https:\/\/www.dierre.com\/wp-content\/uploads\/2022\/05\/cover-dierre-magazine-maggio2022.jpg","type":"image\/jpeg"}],"twitter_card":"summary_large_image","twitter_misc":{"Dur\u00e9e de lecture estim\u00e9e":"1 minute"},"schema":{"@context":"https:\/\/schema.org","@graph":[{"@type":"WebPage","@id":"https:\/\/www.dierre.com\/fr\/magazine\/","url":"https:\/\/www.dierre.com\/fr\/magazine\/","name":"Magazine - Dierre","isPartOf":{"@id":"https:\/\/www.dierre.com\/#website"},"primaryImageOfPage":{"@id":"https:\/\/www.dierre.com\/fr\/magazine\/#primaryimage"},"image":{"@id":"https:\/\/www.dierre.com\/fr\/magazine\/#primaryimage"},"thumbnailUrl":"https:\/\/www.dierre.com\/wp-content\/uploads\/2022\/05\/cover-dierre-magazine-maggio2022.jpg","datePublished":"2022-05-11T13:06:06+00:00","dateModified":"2022-11-29T14:24:34+00:00","breadcrumb":{"@id":"https:\/\/www.dierre.com\/fr\/magazine\/#breadcrumb"},"inLanguage":"fr-FR","potentialAction":[{"@type":"ReadAction","target":["https:\/\/www.dierre.com\/fr\/magazine\/"]}]},{"@type":"ImageObject","inLanguage":"fr-FR","@id":"https:\/\/www.dierre.com\/fr\/magazine\/#primaryimage","url":"https:\/\/www.dierre.com\/wp-content\/uploads\/2022\/05\/cover-dierre-magazine-maggio2022.jpg","contentUrl":"https:\/\/www.dierre.com\/wp-content\/uploads\/2022\/05\/cover-dierre-magazine-maggio2022.jpg","width":1920,"height":800},{"@type":"BreadcrumbList","@id":"https:\/\/www.dierre.com\/fr\/magazine\/#breadcrumb","itemListElement":[{"@type":"ListItem","position":1,"name":"Home","item":"https:\/\/www.dierre.com\/fr\/"},{"@type":"ListItem","position":2,"name":"Magazine"}]},{"@type":"WebSite","@id":"https:\/\/www.dierre.com\/#website","url":"https:\/\/www.dierre.com\/","name":"Dierre","description":"","publisher":{"@id":"https:\/\/www.dierre.com\/#organization"},"potentialAction":[{"@type":"SearchAction","target":{"@type":"EntryPoint","urlTemplate":"https:\/\/www.dierre.com\/?s={search_term_string}"},"query-input":{"@type":"PropertyValueSpecification","valueRequired":true,"valueName":"search_term_string"}}],"inLanguage":"fr-FR"},{"@type":"Organization","@id":"https:\/\/www.dierre.com\/#organization","name":"Dierre","url":"https:\/\/www.dierre.com\/","logo":{"@type":"ImageObject","inLanguage":"fr-FR","@id":"https:\/\/www.dierre.com\/#\/schema\/logo\/image\/","url":"https:\/\/www.dierre.com\/wp-content\/uploads\/2023\/08\/dierre_organisation_logo.jpeg","contentUrl":"https:\/\/www.dierre.com\/wp-content\/uploads\/2023\/08\/dierre_organisation_logo.jpeg","width":696,"height":696,"caption":"Dierre"},"image":{"@id":"https:\/\/www.dierre.com\/#\/schema\/logo\/image\/"}}]}},"_links":{"self":[{"href":"https:\/\/www.dierre.com\/fr\/wp-json\/wp\/v2\/pages\/13338","targetHints":{"allow":["GET"]}}],"collection":[{"href":"https:\/\/www.dierre.com\/fr\/wp-json\/wp\/v2\/pages"}],"about":[{"href":"https:\/\/www.dierre.com\/fr\/wp-json\/wp\/v2\/types\/page"}],"author":[{"embeddable":true,"href":"https:\/\/www.dierre.com\/fr\/wp-json\/wp\/v2\/users\/1"}],"replies":[{"embeddable":true,"href":"https:\/\/www.dierre.com\/fr\/wp-json\/wp\/v2\/comments?post=13338"}],"version-history":[{"count":2,"href":"https:\/\/www.dierre.com\/fr\/wp-json\/wp\/v2\/pages\/13338\/revisions"}],"predecessor-version":[{"id":15832,"href":"https:\/\/www.dierre.com\/fr\/wp-json\/wp\/v2\/pages\/13338\/revisions\/15832"}],"wp:featuredmedia":[{"embeddable":true,"href":"https:\/\/www.dierre.com\/fr\/wp-json\/wp\/v2\/media\/13340"}],"wp:attachment":[{"href":"https:\/\/www.dierre.com\/fr\/wp-json\/wp\/v2\/media?parent=13338"}],"curies":[{"name":"wp","href":"https:\/\/api.w.org\/{rel}","templated":true}]}}