{"id":13362,"date":"2021-04-02T10:51:58","date_gmt":"2021-04-02T08:51:58","guid":{"rendered":"https:\/\/www.dierre.com\/rivenditori\/"},"modified":"2022-12-07T16:59:21","modified_gmt":"2022-12-07T15:59:21","slug":"revendeurs","status":"publish","type":"page","link":"https:\/\/www.dierre.com\/fr\/revendeurs\/","title":{"rendered":"Revendeurs"},"content":{"rendered":"<p>Des revendeurs professionnels, qualifi\u00e9s et agr\u00e9\u00e9s pour la commercialisation de nos produits et le conseil aux clients.<\/p>\n<p>Sp\u00e9cialis\u00e9s dans toute la gamme Dierre, r\u00e9sidentielle et non, ou dans des lignes de produits sp\u00e9cifiques.<\/p>\n<p><strong>Ici vous voyez les revendeurs en Italie. Pour contacter les revendeurs en France il faut \u00e9crire<\/strong> <strong>\u00e0<\/strong> <a href=\"mailto:info@dierrefrance.fr\">info@dierrefrance.fr<\/a><\/p>\n<p>&nbsp;<\/p>\n<p>&nbsp;<\/p>\n","protected":false},"excerpt":{"rendered":"<p>Des revendeurs professionnels, qualifi\u00e9s et agr\u00e9\u00e9s pour la commercialisation de nos produits et le conseil aux clients. Sp\u00e9cialis\u00e9s dans toute la gamme Dierre, r\u00e9sidentielle et non, ou dans des lignes de produits sp\u00e9cifiques. Ici vous voyez les revendeurs en Italie. Pour contacter les revendeurs en France il faut \u00e9crire \u00e0 info@dierrefrance.fr &nbsp; &nbsp;<\/p>\n","protected":false},"author":1,"featured_media":0,"parent":0,"menu_order":0,"comment_status":"closed","ping_status":"closed","template":"template-rivenditori-v2.php","meta":{"_acf_changed":false,"footnotes":""},"class_list":["post-13362","page","type-page","status-publish","hentry"],"acf":[],"yoast_head":"<!-- This site is optimized with the Yoast SEO plugin v26.7 - https:\/\/yoast.com\/wordpress\/plugins\/seo\/ -->\n<title>Revendeurs - Dierre<\/title>\n<meta name=\"robots\" content=\"index, follow, max-snippet:-1, max-image-preview:large, max-video-preview:-1\" \/>\n<link rel=\"canonical\" href=\"https:\/\/www.dierre.com\/fr\/revendeurs\/\" \/>\n<meta property=\"og:locale\" content=\"fr_FR\" \/>\n<meta property=\"og:type\" content=\"article\" \/>\n<meta property=\"og:title\" content=\"Revendeurs - Dierre\" \/>\n<meta property=\"og:description\" content=\"Des revendeurs professionnels, qualifi\u00e9s et agr\u00e9\u00e9s pour la commercialisation de nos produits et le conseil aux clients. Sp\u00e9cialis\u00e9s dans toute la gamme Dierre, r\u00e9sidentielle et non, ou dans des lignes de produits sp\u00e9cifiques. Ici vous voyez les revendeurs en Italie. Pour contacter les revendeurs en France il faut \u00e9crire \u00e0 info@dierrefrance.fr &nbsp; &nbsp;\" \/>\n<meta property=\"og:url\" content=\"https:\/\/www.dierre.com\/fr\/revendeurs\/\" \/>\n<meta property=\"og:site_name\" content=\"Dierre\" \/>\n<meta property=\"article:modified_time\" content=\"2022-12-07T15:59:21+00:00\" \/>\n<meta name=\"twitter:card\" content=\"summary_large_image\" \/>\n<meta name=\"twitter:label1\" content=\"Dur\u00e9e de lecture estim\u00e9e\" \/>\n\t<meta name=\"twitter:data1\" content=\"1 minute\" \/>\n<script type=\"application\/ld+json\" class=\"yoast-schema-graph\">{\"@context\":\"https:\/\/schema.org\",\"@graph\":[{\"@type\":\"WebPage\",\"@id\":\"https:\/\/www.dierre.com\/fr\/revendeurs\/\",\"url\":\"https:\/\/www.dierre.com\/fr\/revendeurs\/\",\"name\":\"Revendeurs - Dierre\",\"isPartOf\":{\"@id\":\"https:\/\/www.dierre.com\/#website\"},\"datePublished\":\"2021-04-02T08:51:58+00:00\",\"dateModified\":\"2022-12-07T15:59:21+00:00\",\"breadcrumb\":{\"@id\":\"https:\/\/www.dierre.com\/fr\/revendeurs\/#breadcrumb\"},\"inLanguage\":\"fr-FR\",\"potentialAction\":[{\"@type\":\"ReadAction\",\"target\":[\"https:\/\/www.dierre.com\/fr\/revendeurs\/\"]}]},{\"@type\":\"BreadcrumbList\",\"@id\":\"https:\/\/www.dierre.com\/fr\/revendeurs\/#breadcrumb\",\"itemListElement\":[{\"@type\":\"ListItem\",\"position\":1,\"name\":\"Home\",\"item\":\"https:\/\/www.dierre.com\/fr\/\"},{\"@type\":\"ListItem\",\"position\":2,\"name\":\"Revendeurs\"}]},{\"@type\":\"WebSite\",\"@id\":\"https:\/\/www.dierre.com\/#website\",\"url\":\"https:\/\/www.dierre.com\/\",\"name\":\"Dierre\",\"description\":\"\",\"publisher\":{\"@id\":\"https:\/\/www.dierre.com\/#organization\"},\"potentialAction\":[{\"@type\":\"SearchAction\",\"target\":{\"@type\":\"EntryPoint\",\"urlTemplate\":\"https:\/\/www.dierre.com\/?s={search_term_string}\"},\"query-input\":{\"@type\":\"PropertyValueSpecification\",\"valueRequired\":true,\"valueName\":\"search_term_string\"}}],\"inLanguage\":\"fr-FR\"},{\"@type\":\"Organization\",\"@id\":\"https:\/\/www.dierre.com\/#organization\",\"name\":\"Dierre\",\"url\":\"https:\/\/www.dierre.com\/\",\"logo\":{\"@type\":\"ImageObject\",\"inLanguage\":\"fr-FR\",\"@id\":\"https:\/\/www.dierre.com\/#\/schema\/logo\/image\/\",\"url\":\"https:\/\/www.dierre.com\/wp-content\/uploads\/2023\/08\/dierre_organisation_logo.jpeg\",\"contentUrl\":\"https:\/\/www.dierre.com\/wp-content\/uploads\/2023\/08\/dierre_organisation_logo.jpeg\",\"width\":696,\"height\":696,\"caption\":\"Dierre\"},\"image\":{\"@id\":\"https:\/\/www.dierre.com\/#\/schema\/logo\/image\/\"}}]}<\/script>\n<!-- \/ Yoast SEO plugin. -->","yoast_head_json":{"title":"Revendeurs - Dierre","robots":{"index":"index","follow":"follow","max-snippet":"max-snippet:-1","max-image-preview":"max-image-preview:large","max-video-preview":"max-video-preview:-1"},"canonical":"https:\/\/www.dierre.com\/fr\/revendeurs\/","og_locale":"fr_FR","og_type":"article","og_title":"Revendeurs - Dierre","og_description":"Des revendeurs professionnels, qualifi\u00e9s et agr\u00e9\u00e9s pour la commercialisation de nos produits et le conseil aux clients. Sp\u00e9cialis\u00e9s dans toute la gamme Dierre, r\u00e9sidentielle et non, ou dans des lignes de produits sp\u00e9cifiques. Ici vous voyez les revendeurs en Italie. Pour contacter les revendeurs en France il faut \u00e9crire \u00e0 info@dierrefrance.fr &nbsp; &nbsp;","og_url":"https:\/\/www.dierre.com\/fr\/revendeurs\/","og_site_name":"Dierre","article_modified_time":"2022-12-07T15:59:21+00:00","twitter_card":"summary_large_image","twitter_misc":{"Dur\u00e9e de lecture estim\u00e9e":"1 minute"},"schema":{"@context":"https:\/\/schema.org","@graph":[{"@type":"WebPage","@id":"https:\/\/www.dierre.com\/fr\/revendeurs\/","url":"https:\/\/www.dierre.com\/fr\/revendeurs\/","name":"Revendeurs - Dierre","isPartOf":{"@id":"https:\/\/www.dierre.com\/#website"},"datePublished":"2021-04-02T08:51:58+00:00","dateModified":"2022-12-07T15:59:21+00:00","breadcrumb":{"@id":"https:\/\/www.dierre.com\/fr\/revendeurs\/#breadcrumb"},"inLanguage":"fr-FR","potentialAction":[{"@type":"ReadAction","target":["https:\/\/www.dierre.com\/fr\/revendeurs\/"]}]},{"@type":"BreadcrumbList","@id":"https:\/\/www.dierre.com\/fr\/revendeurs\/#breadcrumb","itemListElement":[{"@type":"ListItem","position":1,"name":"Home","item":"https:\/\/www.dierre.com\/fr\/"},{"@type":"ListItem","position":2,"name":"Revendeurs"}]},{"@type":"WebSite","@id":"https:\/\/www.dierre.com\/#website","url":"https:\/\/www.dierre.com\/","name":"Dierre","description":"","publisher":{"@id":"https:\/\/www.dierre.com\/#organization"},"potentialAction":[{"@type":"SearchAction","target":{"@type":"EntryPoint","urlTemplate":"https:\/\/www.dierre.com\/?s={search_term_string}"},"query-input":{"@type":"PropertyValueSpecification","valueRequired":true,"valueName":"search_term_string"}}],"inLanguage":"fr-FR"},{"@type":"Organization","@id":"https:\/\/www.dierre.com\/#organization","name":"Dierre","url":"https:\/\/www.dierre.com\/","logo":{"@type":"ImageObject","inLanguage":"fr-FR","@id":"https:\/\/www.dierre.com\/#\/schema\/logo\/image\/","url":"https:\/\/www.dierre.com\/wp-content\/uploads\/2023\/08\/dierre_organisation_logo.jpeg","contentUrl":"https:\/\/www.dierre.com\/wp-content\/uploads\/2023\/08\/dierre_organisation_logo.jpeg","width":696,"height":696,"caption":"Dierre"},"image":{"@id":"https:\/\/www.dierre.com\/#\/schema\/logo\/image\/"}}]}},"_links":{"self":[{"href":"https:\/\/www.dierre.com\/fr\/wp-json\/wp\/v2\/pages\/13362","targetHints":{"allow":["GET"]}}],"collection":[{"href":"https:\/\/www.dierre.com\/fr\/wp-json\/wp\/v2\/pages"}],"about":[{"href":"https:\/\/www.dierre.com\/fr\/wp-json\/wp\/v2\/types\/page"}],"author":[{"embeddable":true,"href":"https:\/\/www.dierre.com\/fr\/wp-json\/wp\/v2\/users\/1"}],"replies":[{"embeddable":true,"href":"https:\/\/www.dierre.com\/fr\/wp-json\/wp\/v2\/comments?post=13362"}],"version-history":[{"count":5,"href":"https:\/\/www.dierre.com\/fr\/wp-json\/wp\/v2\/pages\/13362\/revisions"}],"predecessor-version":[{"id":15868,"href":"https:\/\/www.dierre.com\/fr\/wp-json\/wp\/v2\/pages\/13362\/revisions\/15868"}],"wp:attachment":[{"href":"https:\/\/www.dierre.com\/fr\/wp-json\/wp\/v2\/media?parent=13362"}],"curies":[{"name":"wp","href":"https:\/\/api.w.org\/{rel}","templated":true}]}}