{"id":13366,"date":"2022-05-25T17:47:19","date_gmt":"2022-05-25T15:47:19","guid":{"rendered":"https:\/\/www.dierre.com\/salone-del-mobile\/"},"modified":"2022-11-29T15:25:01","modified_gmt":"2022-11-29T14:25:01","slug":"salone-del-mobile","status":"publish","type":"page","link":"https:\/\/www.dierre.com\/fr\/salone-del-mobile\/","title":{"rendered":"Salone del mobile"},"content":{"rendered":"<h3>L&rsquo;espace qui nous habite.<\/h3>\n<h3><em>La maison est le miroir de notre esprit. La porte d\u00e9limite son caract\u00e8re.<\/em><\/h3>\n<p>Au Fuorisalone 2022, Dierre lance Dierremag, le nouveau magazine sur les espaces de vie contemporains.<\/p>\n<p>La maison devient le nouveau paradigme du confort. Cette nouvelle normalit\u00e9 a fait na\u00eetre le besoin d&rsquo;espaces int\u00e9rieurs plus grands et organis\u00e9s diff\u00e9remment, offrant confort, s\u00e9curit\u00e9 et une nouvelle intimit\u00e9. Une petite r\u00e9volution copernicienne dans laquelle les portes et les s\u00e9parations internes redeviennent centrales.<\/p>\n","protected":false},"excerpt":{"rendered":"<p>L&rsquo;espace qui nous habite. La maison est le miroir de notre esprit. La porte d\u00e9limite son caract\u00e8re. Au Fuorisalone 2022, Dierre lance Dierremag, le nouveau magazine sur les espaces de vie contemporains. La maison devient le nouveau paradigme du confort. Cette nouvelle normalit\u00e9 a fait na\u00eetre le besoin d&rsquo;espaces int\u00e9rieurs plus grands et organis\u00e9s diff\u00e9remment, <a href=\"https:\/\/www.dierre.com\/fr\/salone-del-mobile\/\" class=\"more-link\">&#8230;<\/a><\/p>\n","protected":false},"author":1,"featured_media":13340,"parent":0,"menu_order":0,"comment_status":"closed","ping_status":"closed","template":"template-landing-singolo-prodotto.php","meta":{"_acf_changed":false,"footnotes":""},"class_list":["post-13366","page","type-page","status-publish","has-post-thumbnail","hentry"],"acf":[],"yoast_head":"<!-- This site is optimized with the Yoast SEO plugin v26.7 - https:\/\/yoast.com\/wordpress\/plugins\/seo\/ -->\n<title>Salone del mobile - Dierre<\/title>\n<meta name=\"robots\" content=\"index, follow, max-snippet:-1, max-image-preview:large, max-video-preview:-1\" \/>\n<link rel=\"canonical\" href=\"https:\/\/www.dierre.com\/fr\/salone-del-mobile\/\" \/>\n<meta property=\"og:locale\" content=\"fr_FR\" \/>\n<meta property=\"og:type\" content=\"article\" \/>\n<meta property=\"og:title\" content=\"Salone del mobile - Dierre\" \/>\n<meta property=\"og:description\" content=\"L&rsquo;espace qui nous habite. La maison est le miroir de notre esprit. La porte d\u00e9limite son caract\u00e8re. Au Fuorisalone 2022, Dierre lance Dierremag, le nouveau magazine sur les espaces de vie contemporains. La maison devient le nouveau paradigme du confort. Cette nouvelle normalit\u00e9 a fait na\u00eetre le besoin d&rsquo;espaces int\u00e9rieurs plus grands et organis\u00e9s diff\u00e9remment, ...\" \/>\n<meta property=\"og:url\" content=\"https:\/\/www.dierre.com\/fr\/salone-del-mobile\/\" \/>\n<meta property=\"og:site_name\" content=\"Dierre\" \/>\n<meta property=\"article:modified_time\" content=\"2022-11-29T14:25:01+00:00\" \/>\n<meta property=\"og:image\" content=\"https:\/\/www.dierre.com\/wp-content\/uploads\/2022\/05\/cover-dierre-magazine-maggio2022.jpg\" \/>\n\t<meta property=\"og:image:width\" content=\"1920\" \/>\n\t<meta property=\"og:image:height\" content=\"800\" \/>\n\t<meta property=\"og:image:type\" content=\"image\/jpeg\" \/>\n<meta name=\"twitter:card\" content=\"summary_large_image\" \/>\n<meta name=\"twitter:label1\" content=\"Dur\u00e9e de lecture estim\u00e9e\" \/>\n\t<meta name=\"twitter:data1\" content=\"1 minute\" \/>\n<script type=\"application\/ld+json\" class=\"yoast-schema-graph\">{\"@context\":\"https:\/\/schema.org\",\"@graph\":[{\"@type\":\"WebPage\",\"@id\":\"https:\/\/www.dierre.com\/fr\/salone-del-mobile\/\",\"url\":\"https:\/\/www.dierre.com\/fr\/salone-del-mobile\/\",\"name\":\"Salone del mobile - Dierre\",\"isPartOf\":{\"@id\":\"https:\/\/www.dierre.com\/#website\"},\"primaryImageOfPage\":{\"@id\":\"https:\/\/www.dierre.com\/fr\/salone-del-mobile\/#primaryimage\"},\"image\":{\"@id\":\"https:\/\/www.dierre.com\/fr\/salone-del-mobile\/#primaryimage\"},\"thumbnailUrl\":\"https:\/\/www.dierre.com\/wp-content\/uploads\/2022\/05\/cover-dierre-magazine-maggio2022.jpg\",\"datePublished\":\"2022-05-25T15:47:19+00:00\",\"dateModified\":\"2022-11-29T14:25:01+00:00\",\"breadcrumb\":{\"@id\":\"https:\/\/www.dierre.com\/fr\/salone-del-mobile\/#breadcrumb\"},\"inLanguage\":\"fr-FR\",\"potentialAction\":[{\"@type\":\"ReadAction\",\"target\":[\"https:\/\/www.dierre.com\/fr\/salone-del-mobile\/\"]}]},{\"@type\":\"ImageObject\",\"inLanguage\":\"fr-FR\",\"@id\":\"https:\/\/www.dierre.com\/fr\/salone-del-mobile\/#primaryimage\",\"url\":\"https:\/\/www.dierre.com\/wp-content\/uploads\/2022\/05\/cover-dierre-magazine-maggio2022.jpg\",\"contentUrl\":\"https:\/\/www.dierre.com\/wp-content\/uploads\/2022\/05\/cover-dierre-magazine-maggio2022.jpg\",\"width\":1920,\"height\":800},{\"@type\":\"BreadcrumbList\",\"@id\":\"https:\/\/www.dierre.com\/fr\/salone-del-mobile\/#breadcrumb\",\"itemListElement\":[{\"@type\":\"ListItem\",\"position\":1,\"name\":\"Home\",\"item\":\"https:\/\/www.dierre.com\/fr\/\"},{\"@type\":\"ListItem\",\"position\":2,\"name\":\"Salone del mobile\"}]},{\"@type\":\"WebSite\",\"@id\":\"https:\/\/www.dierre.com\/#website\",\"url\":\"https:\/\/www.dierre.com\/\",\"name\":\"Dierre\",\"description\":\"\",\"publisher\":{\"@id\":\"https:\/\/www.dierre.com\/#organization\"},\"potentialAction\":[{\"@type\":\"SearchAction\",\"target\":{\"@type\":\"EntryPoint\",\"urlTemplate\":\"https:\/\/www.dierre.com\/?s={search_term_string}\"},\"query-input\":{\"@type\":\"PropertyValueSpecification\",\"valueRequired\":true,\"valueName\":\"search_term_string\"}}],\"inLanguage\":\"fr-FR\"},{\"@type\":\"Organization\",\"@id\":\"https:\/\/www.dierre.com\/#organization\",\"name\":\"Dierre\",\"url\":\"https:\/\/www.dierre.com\/\",\"logo\":{\"@type\":\"ImageObject\",\"inLanguage\":\"fr-FR\",\"@id\":\"https:\/\/www.dierre.com\/#\/schema\/logo\/image\/\",\"url\":\"https:\/\/www.dierre.com\/wp-content\/uploads\/2023\/08\/dierre_organisation_logo.jpeg\",\"contentUrl\":\"https:\/\/www.dierre.com\/wp-content\/uploads\/2023\/08\/dierre_organisation_logo.jpeg\",\"width\":696,\"height\":696,\"caption\":\"Dierre\"},\"image\":{\"@id\":\"https:\/\/www.dierre.com\/#\/schema\/logo\/image\/\"}}]}<\/script>\n<!-- \/ Yoast SEO plugin. -->","yoast_head_json":{"title":"Salone del mobile - Dierre","robots":{"index":"index","follow":"follow","max-snippet":"max-snippet:-1","max-image-preview":"max-image-preview:large","max-video-preview":"max-video-preview:-1"},"canonical":"https:\/\/www.dierre.com\/fr\/salone-del-mobile\/","og_locale":"fr_FR","og_type":"article","og_title":"Salone del mobile - Dierre","og_description":"L&rsquo;espace qui nous habite. La maison est le miroir de notre esprit. La porte d\u00e9limite son caract\u00e8re. Au Fuorisalone 2022, Dierre lance Dierremag, le nouveau magazine sur les espaces de vie contemporains. La maison devient le nouveau paradigme du confort. Cette nouvelle normalit\u00e9 a fait na\u00eetre le besoin d&rsquo;espaces int\u00e9rieurs plus grands et organis\u00e9s diff\u00e9remment, ...","og_url":"https:\/\/www.dierre.com\/fr\/salone-del-mobile\/","og_site_name":"Dierre","article_modified_time":"2022-11-29T14:25:01+00:00","og_image":[{"width":1920,"height":800,"url":"https:\/\/www.dierre.com\/wp-content\/uploads\/2022\/05\/cover-dierre-magazine-maggio2022.jpg","type":"image\/jpeg"}],"twitter_card":"summary_large_image","twitter_misc":{"Dur\u00e9e de lecture estim\u00e9e":"1 minute"},"schema":{"@context":"https:\/\/schema.org","@graph":[{"@type":"WebPage","@id":"https:\/\/www.dierre.com\/fr\/salone-del-mobile\/","url":"https:\/\/www.dierre.com\/fr\/salone-del-mobile\/","name":"Salone del mobile - Dierre","isPartOf":{"@id":"https:\/\/www.dierre.com\/#website"},"primaryImageOfPage":{"@id":"https:\/\/www.dierre.com\/fr\/salone-del-mobile\/#primaryimage"},"image":{"@id":"https:\/\/www.dierre.com\/fr\/salone-del-mobile\/#primaryimage"},"thumbnailUrl":"https:\/\/www.dierre.com\/wp-content\/uploads\/2022\/05\/cover-dierre-magazine-maggio2022.jpg","datePublished":"2022-05-25T15:47:19+00:00","dateModified":"2022-11-29T14:25:01+00:00","breadcrumb":{"@id":"https:\/\/www.dierre.com\/fr\/salone-del-mobile\/#breadcrumb"},"inLanguage":"fr-FR","potentialAction":[{"@type":"ReadAction","target":["https:\/\/www.dierre.com\/fr\/salone-del-mobile\/"]}]},{"@type":"ImageObject","inLanguage":"fr-FR","@id":"https:\/\/www.dierre.com\/fr\/salone-del-mobile\/#primaryimage","url":"https:\/\/www.dierre.com\/wp-content\/uploads\/2022\/05\/cover-dierre-magazine-maggio2022.jpg","contentUrl":"https:\/\/www.dierre.com\/wp-content\/uploads\/2022\/05\/cover-dierre-magazine-maggio2022.jpg","width":1920,"height":800},{"@type":"BreadcrumbList","@id":"https:\/\/www.dierre.com\/fr\/salone-del-mobile\/#breadcrumb","itemListElement":[{"@type":"ListItem","position":1,"name":"Home","item":"https:\/\/www.dierre.com\/fr\/"},{"@type":"ListItem","position":2,"name":"Salone del mobile"}]},{"@type":"WebSite","@id":"https:\/\/www.dierre.com\/#website","url":"https:\/\/www.dierre.com\/","name":"Dierre","description":"","publisher":{"@id":"https:\/\/www.dierre.com\/#organization"},"potentialAction":[{"@type":"SearchAction","target":{"@type":"EntryPoint","urlTemplate":"https:\/\/www.dierre.com\/?s={search_term_string}"},"query-input":{"@type":"PropertyValueSpecification","valueRequired":true,"valueName":"search_term_string"}}],"inLanguage":"fr-FR"},{"@type":"Organization","@id":"https:\/\/www.dierre.com\/#organization","name":"Dierre","url":"https:\/\/www.dierre.com\/","logo":{"@type":"ImageObject","inLanguage":"fr-FR","@id":"https:\/\/www.dierre.com\/#\/schema\/logo\/image\/","url":"https:\/\/www.dierre.com\/wp-content\/uploads\/2023\/08\/dierre_organisation_logo.jpeg","contentUrl":"https:\/\/www.dierre.com\/wp-content\/uploads\/2023\/08\/dierre_organisation_logo.jpeg","width":696,"height":696,"caption":"Dierre"},"image":{"@id":"https:\/\/www.dierre.com\/#\/schema\/logo\/image\/"}}]}},"_links":{"self":[{"href":"https:\/\/www.dierre.com\/fr\/wp-json\/wp\/v2\/pages\/13366","targetHints":{"allow":["GET"]}}],"collection":[{"href":"https:\/\/www.dierre.com\/fr\/wp-json\/wp\/v2\/pages"}],"about":[{"href":"https:\/\/www.dierre.com\/fr\/wp-json\/wp\/v2\/types\/page"}],"author":[{"embeddable":true,"href":"https:\/\/www.dierre.com\/fr\/wp-json\/wp\/v2\/users\/1"}],"replies":[{"embeddable":true,"href":"https:\/\/www.dierre.com\/fr\/wp-json\/wp\/v2\/comments?post=13366"}],"version-history":[{"count":3,"href":"https:\/\/www.dierre.com\/fr\/wp-json\/wp\/v2\/pages\/13366\/revisions"}],"predecessor-version":[{"id":15846,"href":"https:\/\/www.dierre.com\/fr\/wp-json\/wp\/v2\/pages\/13366\/revisions\/15846"}],"wp:featuredmedia":[{"embeddable":true,"href":"https:\/\/www.dierre.com\/fr\/wp-json\/wp\/v2\/media\/13340"}],"wp:attachment":[{"href":"https:\/\/www.dierre.com\/fr\/wp-json\/wp\/v2\/media?parent=13366"}],"curies":[{"name":"wp","href":"https:\/\/api.w.org\/{rel}","templated":true}]}}