{"id":17291,"date":"2023-03-30T18:41:29","date_gmt":"2023-03-30T16:41:29","guid":{"rendered":"https:\/\/www.dierre.com\/?page_id=17291"},"modified":"2025-12-02T09:50:56","modified_gmt":"2025-12-02T08:50:56","slug":"new-lovly-une-porte-a-aimer","status":"publish","type":"page","link":"https:\/\/www.dierre.com\/fr\/new-lovly-une-porte-a-aimer\/","title":{"rendered":"New Lovly. Une porte \u00e0 aimer."},"content":{"rendered":"<p><strong><span lang=\"FR\">Aussi naturelle et sinc\u00e8re que vous : New Lovly, une porte \u00e0 aimer. <\/span><\/strong><\/p>\n<p><span lang=\"FR\">New Lovly est une nouvelle collection de portes Dierre avec des finitions \u00e0 effet de mati\u00e8res faciles \u00e0 assortir car elles sont en harmonie avec le style, les go\u00fbts et les tendances d&rsquo;aujourd&rsquo;hui. Pour ceux qui s&rsquo;aiment, pour une maison soign\u00e9e dans les moindres d\u00e9tails.<\/span><\/p>\n<p><strong><span lang=\"FR\">Espaces contemporains, couleurs tendance, mati\u00e8res tactiles.<\/span><\/strong><\/p>\n","protected":false},"excerpt":{"rendered":"<p>Aussi naturelle et sinc\u00e8re que vous : New Lovly, une porte \u00e0 aimer. New Lovly est une nouvelle collection de portes Dierre avec des finitions \u00e0 effet de mati\u00e8res faciles \u00e0 assortir car elles sont en harmonie avec le style, les go\u00fbts et les tendances d&rsquo;aujourd&rsquo;hui. Pour ceux qui s&rsquo;aiment, pour une maison soign\u00e9e dans <a href=\"https:\/\/www.dierre.com\/fr\/new-lovly-une-porte-a-aimer\/\" class=\"more-link\">&#8230;<\/a><\/p>\n","protected":false},"author":1,"featured_media":17388,"parent":0,"menu_order":0,"comment_status":"closed","ping_status":"closed","template":"template-landing-singolo-prodotto.php","meta":{"_acf_changed":false,"footnotes":""},"class_list":["post-17291","page","type-page","status-publish","has-post-thumbnail","hentry"],"acf":[],"yoast_head":"<!-- This site is optimized with the Yoast SEO plugin v26.7 - https:\/\/yoast.com\/wordpress\/plugins\/seo\/ -->\n<title>New Lovly. Une porte \u00e0 aimer. - Dierre<\/title>\n<meta name=\"robots\" content=\"index, follow, max-snippet:-1, max-image-preview:large, max-video-preview:-1\" \/>\n<link rel=\"canonical\" href=\"https:\/\/www.dierre.com\/fr\/new-lovly-une-porte-a-aimer\/\" \/>\n<meta property=\"og:locale\" content=\"fr_FR\" \/>\n<meta property=\"og:type\" content=\"article\" \/>\n<meta property=\"og:title\" content=\"New Lovly. Une porte \u00e0 aimer. - Dierre\" \/>\n<meta property=\"og:description\" content=\"Aussi naturelle et sinc\u00e8re que vous : New Lovly, une porte \u00e0 aimer. New Lovly est une nouvelle collection de portes Dierre avec des finitions \u00e0 effet de mati\u00e8res faciles \u00e0 assortir car elles sont en harmonie avec le style, les go\u00fbts et les tendances d&rsquo;aujourd&rsquo;hui. Pour ceux qui s&rsquo;aiment, pour une maison soign\u00e9e dans ...\" \/>\n<meta property=\"og:url\" content=\"https:\/\/www.dierre.com\/fr\/new-lovly-une-porte-a-aimer\/\" \/>\n<meta property=\"og:site_name\" content=\"Dierre\" \/>\n<meta property=\"article:modified_time\" content=\"2025-12-02T08:50:56+00:00\" \/>\n<meta property=\"og:image\" content=\"https:\/\/www.dierre.com\/wp-content\/uploads\/2023\/03\/Dierre_Materiche_Lovly_rovere-grigio-nordico-tabacco-e1764604061819.jpg\" \/>\n\t<meta property=\"og:image:width\" content=\"1920\" \/>\n\t<meta property=\"og:image:height\" content=\"800\" \/>\n\t<meta property=\"og:image:type\" content=\"image\/jpeg\" \/>\n<meta name=\"twitter:card\" content=\"summary_large_image\" \/>\n<meta name=\"twitter:label1\" content=\"Dur\u00e9e de lecture estim\u00e9e\" \/>\n\t<meta name=\"twitter:data1\" content=\"1 minute\" \/>\n<script type=\"application\/ld+json\" class=\"yoast-schema-graph\">{\"@context\":\"https:\/\/schema.org\",\"@graph\":[{\"@type\":\"WebPage\",\"@id\":\"https:\/\/www.dierre.com\/fr\/new-lovly-une-porte-a-aimer\/\",\"url\":\"https:\/\/www.dierre.com\/fr\/new-lovly-une-porte-a-aimer\/\",\"name\":\"New Lovly. Une porte \u00e0 aimer. - Dierre\",\"isPartOf\":{\"@id\":\"https:\/\/www.dierre.com\/#website\"},\"primaryImageOfPage\":{\"@id\":\"https:\/\/www.dierre.com\/fr\/new-lovly-une-porte-a-aimer\/#primaryimage\"},\"image\":{\"@id\":\"https:\/\/www.dierre.com\/fr\/new-lovly-une-porte-a-aimer\/#primaryimage\"},\"thumbnailUrl\":\"https:\/\/www.dierre.com\/wp-content\/uploads\/2023\/03\/Dierre_Materiche_Lovly_rovere-grigio-nordico-tabacco-e1764604061819.jpg\",\"datePublished\":\"2023-03-30T16:41:29+00:00\",\"dateModified\":\"2025-12-02T08:50:56+00:00\",\"breadcrumb\":{\"@id\":\"https:\/\/www.dierre.com\/fr\/new-lovly-une-porte-a-aimer\/#breadcrumb\"},\"inLanguage\":\"fr-FR\",\"potentialAction\":[{\"@type\":\"ReadAction\",\"target\":[\"https:\/\/www.dierre.com\/fr\/new-lovly-une-porte-a-aimer\/\"]}]},{\"@type\":\"ImageObject\",\"inLanguage\":\"fr-FR\",\"@id\":\"https:\/\/www.dierre.com\/fr\/new-lovly-une-porte-a-aimer\/#primaryimage\",\"url\":\"https:\/\/www.dierre.com\/wp-content\/uploads\/2023\/03\/Dierre_Materiche_Lovly_rovere-grigio-nordico-tabacco-e1764604061819.jpg\",\"contentUrl\":\"https:\/\/www.dierre.com\/wp-content\/uploads\/2023\/03\/Dierre_Materiche_Lovly_rovere-grigio-nordico-tabacco-e1764604061819.jpg\",\"width\":1920,\"height\":800},{\"@type\":\"BreadcrumbList\",\"@id\":\"https:\/\/www.dierre.com\/fr\/new-lovly-une-porte-a-aimer\/#breadcrumb\",\"itemListElement\":[{\"@type\":\"ListItem\",\"position\":1,\"name\":\"Home\",\"item\":\"https:\/\/www.dierre.com\/fr\/\"},{\"@type\":\"ListItem\",\"position\":2,\"name\":\"New Lovly. Une porte \u00e0 aimer.\"}]},{\"@type\":\"WebSite\",\"@id\":\"https:\/\/www.dierre.com\/#website\",\"url\":\"https:\/\/www.dierre.com\/\",\"name\":\"Dierre\",\"description\":\"\",\"publisher\":{\"@id\":\"https:\/\/www.dierre.com\/#organization\"},\"potentialAction\":[{\"@type\":\"SearchAction\",\"target\":{\"@type\":\"EntryPoint\",\"urlTemplate\":\"https:\/\/www.dierre.com\/?s={search_term_string}\"},\"query-input\":{\"@type\":\"PropertyValueSpecification\",\"valueRequired\":true,\"valueName\":\"search_term_string\"}}],\"inLanguage\":\"fr-FR\"},{\"@type\":\"Organization\",\"@id\":\"https:\/\/www.dierre.com\/#organization\",\"name\":\"Dierre\",\"url\":\"https:\/\/www.dierre.com\/\",\"logo\":{\"@type\":\"ImageObject\",\"inLanguage\":\"fr-FR\",\"@id\":\"https:\/\/www.dierre.com\/#\/schema\/logo\/image\/\",\"url\":\"https:\/\/www.dierre.com\/wp-content\/uploads\/2023\/08\/dierre_organisation_logo.jpeg\",\"contentUrl\":\"https:\/\/www.dierre.com\/wp-content\/uploads\/2023\/08\/dierre_organisation_logo.jpeg\",\"width\":696,\"height\":696,\"caption\":\"Dierre\"},\"image\":{\"@id\":\"https:\/\/www.dierre.com\/#\/schema\/logo\/image\/\"}}]}<\/script>\n<!-- \/ Yoast SEO plugin. -->","yoast_head_json":{"title":"New Lovly. Une porte \u00e0 aimer. - Dierre","robots":{"index":"index","follow":"follow","max-snippet":"max-snippet:-1","max-image-preview":"max-image-preview:large","max-video-preview":"max-video-preview:-1"},"canonical":"https:\/\/www.dierre.com\/fr\/new-lovly-une-porte-a-aimer\/","og_locale":"fr_FR","og_type":"article","og_title":"New Lovly. Une porte \u00e0 aimer. - Dierre","og_description":"Aussi naturelle et sinc\u00e8re que vous : New Lovly, une porte \u00e0 aimer. New Lovly est une nouvelle collection de portes Dierre avec des finitions \u00e0 effet de mati\u00e8res faciles \u00e0 assortir car elles sont en harmonie avec le style, les go\u00fbts et les tendances d&rsquo;aujourd&rsquo;hui. Pour ceux qui s&rsquo;aiment, pour une maison soign\u00e9e dans ...","og_url":"https:\/\/www.dierre.com\/fr\/new-lovly-une-porte-a-aimer\/","og_site_name":"Dierre","article_modified_time":"2025-12-02T08:50:56+00:00","og_image":[{"width":1920,"height":800,"url":"https:\/\/www.dierre.com\/wp-content\/uploads\/2023\/03\/Dierre_Materiche_Lovly_rovere-grigio-nordico-tabacco-e1764604061819.jpg","type":"image\/jpeg"}],"twitter_card":"summary_large_image","twitter_misc":{"Dur\u00e9e de lecture estim\u00e9e":"1 minute"},"schema":{"@context":"https:\/\/schema.org","@graph":[{"@type":"WebPage","@id":"https:\/\/www.dierre.com\/fr\/new-lovly-une-porte-a-aimer\/","url":"https:\/\/www.dierre.com\/fr\/new-lovly-une-porte-a-aimer\/","name":"New Lovly. Une porte \u00e0 aimer. - Dierre","isPartOf":{"@id":"https:\/\/www.dierre.com\/#website"},"primaryImageOfPage":{"@id":"https:\/\/www.dierre.com\/fr\/new-lovly-une-porte-a-aimer\/#primaryimage"},"image":{"@id":"https:\/\/www.dierre.com\/fr\/new-lovly-une-porte-a-aimer\/#primaryimage"},"thumbnailUrl":"https:\/\/www.dierre.com\/wp-content\/uploads\/2023\/03\/Dierre_Materiche_Lovly_rovere-grigio-nordico-tabacco-e1764604061819.jpg","datePublished":"2023-03-30T16:41:29+00:00","dateModified":"2025-12-02T08:50:56+00:00","breadcrumb":{"@id":"https:\/\/www.dierre.com\/fr\/new-lovly-une-porte-a-aimer\/#breadcrumb"},"inLanguage":"fr-FR","potentialAction":[{"@type":"ReadAction","target":["https:\/\/www.dierre.com\/fr\/new-lovly-une-porte-a-aimer\/"]}]},{"@type":"ImageObject","inLanguage":"fr-FR","@id":"https:\/\/www.dierre.com\/fr\/new-lovly-une-porte-a-aimer\/#primaryimage","url":"https:\/\/www.dierre.com\/wp-content\/uploads\/2023\/03\/Dierre_Materiche_Lovly_rovere-grigio-nordico-tabacco-e1764604061819.jpg","contentUrl":"https:\/\/www.dierre.com\/wp-content\/uploads\/2023\/03\/Dierre_Materiche_Lovly_rovere-grigio-nordico-tabacco-e1764604061819.jpg","width":1920,"height":800},{"@type":"BreadcrumbList","@id":"https:\/\/www.dierre.com\/fr\/new-lovly-une-porte-a-aimer\/#breadcrumb","itemListElement":[{"@type":"ListItem","position":1,"name":"Home","item":"https:\/\/www.dierre.com\/fr\/"},{"@type":"ListItem","position":2,"name":"New Lovly. Une porte \u00e0 aimer."}]},{"@type":"WebSite","@id":"https:\/\/www.dierre.com\/#website","url":"https:\/\/www.dierre.com\/","name":"Dierre","description":"","publisher":{"@id":"https:\/\/www.dierre.com\/#organization"},"potentialAction":[{"@type":"SearchAction","target":{"@type":"EntryPoint","urlTemplate":"https:\/\/www.dierre.com\/?s={search_term_string}"},"query-input":{"@type":"PropertyValueSpecification","valueRequired":true,"valueName":"search_term_string"}}],"inLanguage":"fr-FR"},{"@type":"Organization","@id":"https:\/\/www.dierre.com\/#organization","name":"Dierre","url":"https:\/\/www.dierre.com\/","logo":{"@type":"ImageObject","inLanguage":"fr-FR","@id":"https:\/\/www.dierre.com\/#\/schema\/logo\/image\/","url":"https:\/\/www.dierre.com\/wp-content\/uploads\/2023\/08\/dierre_organisation_logo.jpeg","contentUrl":"https:\/\/www.dierre.com\/wp-content\/uploads\/2023\/08\/dierre_organisation_logo.jpeg","width":696,"height":696,"caption":"Dierre"},"image":{"@id":"https:\/\/www.dierre.com\/#\/schema\/logo\/image\/"}}]}},"_links":{"self":[{"href":"https:\/\/www.dierre.com\/fr\/wp-json\/wp\/v2\/pages\/17291","targetHints":{"allow":["GET"]}}],"collection":[{"href":"https:\/\/www.dierre.com\/fr\/wp-json\/wp\/v2\/pages"}],"about":[{"href":"https:\/\/www.dierre.com\/fr\/wp-json\/wp\/v2\/types\/page"}],"author":[{"embeddable":true,"href":"https:\/\/www.dierre.com\/fr\/wp-json\/wp\/v2\/users\/1"}],"replies":[{"embeddable":true,"href":"https:\/\/www.dierre.com\/fr\/wp-json\/wp\/v2\/comments?post=17291"}],"version-history":[{"count":6,"href":"https:\/\/www.dierre.com\/fr\/wp-json\/wp\/v2\/pages\/17291\/revisions"}],"predecessor-version":[{"id":26569,"href":"https:\/\/www.dierre.com\/fr\/wp-json\/wp\/v2\/pages\/17291\/revisions\/26569"}],"wp:featuredmedia":[{"embeddable":true,"href":"https:\/\/www.dierre.com\/fr\/wp-json\/wp\/v2\/media\/17388"}],"wp:attachment":[{"href":"https:\/\/www.dierre.com\/fr\/wp-json\/wp\/v2\/media?parent=17291"}],"curies":[{"name":"wp","href":"https:\/\/api.w.org\/{rel}","templated":true}]}}