{"id":26640,"date":"2026-01-21T14:36:02","date_gmt":"2026-01-21T13:36:02","guid":{"rendered":"https:\/\/www.dierre.com\/?page_id=26640"},"modified":"2026-01-21T14:36:02","modified_gmt":"2026-01-21T13:36:02","slug":"new-alutech-44-fiabilite-et-design-pour-tous-les-espaces-publics","status":"publish","type":"page","link":"https:\/\/www.dierre.com\/fr\/new-alutech-44-fiabilite-et-design-pour-tous-les-espaces-publics\/","title":{"rendered":"New Alutech 44. Fiabilit\u00e9 et design pour tous les espaces publics"},"content":{"rendered":"<p><strong>Fiable et design : New Alutech 44, une porte parfaite pour tous les espaces publics.<\/strong><\/p>\n<p>New Alutech 44, la nouvelle collection de portes techniques de Dierre aux finitions faciles \u00e0 assortir, car en phase avec le style, les go\u00fbts et les tendances d&rsquo;aujourd&rsquo;hui. Pour ceux qui aiment bien vivre, pour un espace commun soign\u00e9 dans les moindres d\u00e9tails.<\/p>\n<p><strong>H\u00f4pitaux, maisons de retraite, bureaux, \u00e9coles, la porte id\u00e9ale pour votre environnement de travail.<\/strong><\/p>\n","protected":false},"excerpt":{"rendered":"<p>Fiable et design : New Alutech 44, une porte parfaite pour tous les espaces publics. New Alutech 44, la nouvelle collection de portes techniques de Dierre aux finitions faciles \u00e0 assortir, car en phase avec le style, les go\u00fbts et les tendances d&rsquo;aujourd&rsquo;hui. Pour ceux qui aiment bien vivre, pour un espace commun soign\u00e9 dans <a href=\"https:\/\/www.dierre.com\/fr\/new-alutech-44-fiabilite-et-design-pour-tous-les-espaces-publics\/\" class=\"more-link\">&#8230;<\/a><\/p>\n","protected":false},"author":1,"featured_media":26652,"parent":0,"menu_order":0,"comment_status":"closed","ping_status":"closed","template":"template-landing-singolo-prodotto.php","meta":{"_acf_changed":false,"footnotes":""},"class_list":["post-26640","page","type-page","status-publish","has-post-thumbnail","hentry"],"acf":[],"yoast_head":"<!-- This site is optimized with the Yoast SEO plugin v26.7 - https:\/\/yoast.com\/wordpress\/plugins\/seo\/ -->\n<title>New Alutech 44. Fiabilit\u00e9 et design pour tous les espaces publics - Dierre<\/title>\n<meta name=\"robots\" content=\"index, follow, max-snippet:-1, max-image-preview:large, max-video-preview:-1\" \/>\n<link rel=\"canonical\" href=\"https:\/\/www.dierre.com\/fr\/new-alutech-44-fiabilite-et-design-pour-tous-les-espaces-publics\/\" \/>\n<meta property=\"og:locale\" content=\"fr_FR\" \/>\n<meta property=\"og:type\" content=\"article\" \/>\n<meta property=\"og:title\" content=\"New Alutech 44. Fiabilit\u00e9 et design pour tous les espaces publics - Dierre\" \/>\n<meta property=\"og:description\" content=\"Fiable et design : New Alutech 44, une porte parfaite pour tous les espaces publics. New Alutech 44, la nouvelle collection de portes techniques de Dierre aux finitions faciles \u00e0 assortir, car en phase avec le style, les go\u00fbts et les tendances d&rsquo;aujourd&rsquo;hui. Pour ceux qui aiment bien vivre, pour un espace commun soign\u00e9 dans ...\" \/>\n<meta property=\"og:url\" content=\"https:\/\/www.dierre.com\/fr\/new-alutech-44-fiabilite-et-design-pour-tous-les-espaces-publics\/\" \/>\n<meta property=\"og:site_name\" content=\"Dierre\" \/>\n<meta property=\"og:image\" content=\"https:\/\/www.dierre.com\/wp-content\/uploads\/2026\/01\/Dierre_New_Alutech_44.jpg\" \/>\n\t<meta property=\"og:image:width\" content=\"1250\" \/>\n\t<meta property=\"og:image:height\" content=\"521\" \/>\n\t<meta property=\"og:image:type\" content=\"image\/jpeg\" \/>\n<meta name=\"twitter:card\" content=\"summary_large_image\" \/>\n<meta name=\"twitter:label1\" content=\"Dur\u00e9e de lecture estim\u00e9e\" \/>\n\t<meta name=\"twitter:data1\" content=\"1 minute\" \/>\n<script type=\"application\/ld+json\" class=\"yoast-schema-graph\">{\"@context\":\"https:\/\/schema.org\",\"@graph\":[{\"@type\":\"WebPage\",\"@id\":\"https:\/\/www.dierre.com\/fr\/new-alutech-44-fiabilite-et-design-pour-tous-les-espaces-publics\/\",\"url\":\"https:\/\/www.dierre.com\/fr\/new-alutech-44-fiabilite-et-design-pour-tous-les-espaces-publics\/\",\"name\":\"New Alutech 44. Fiabilit\u00e9 et design pour tous les espaces publics - Dierre\",\"isPartOf\":{\"@id\":\"https:\/\/www.dierre.com\/#website\"},\"primaryImageOfPage\":{\"@id\":\"https:\/\/www.dierre.com\/fr\/new-alutech-44-fiabilite-et-design-pour-tous-les-espaces-publics\/#primaryimage\"},\"image\":{\"@id\":\"https:\/\/www.dierre.com\/fr\/new-alutech-44-fiabilite-et-design-pour-tous-les-espaces-publics\/#primaryimage\"},\"thumbnailUrl\":\"https:\/\/www.dierre.com\/wp-content\/uploads\/2026\/01\/Dierre_New_Alutech_44.jpg\",\"datePublished\":\"2026-01-21T13:36:02+00:00\",\"breadcrumb\":{\"@id\":\"https:\/\/www.dierre.com\/fr\/new-alutech-44-fiabilite-et-design-pour-tous-les-espaces-publics\/#breadcrumb\"},\"inLanguage\":\"fr-FR\",\"potentialAction\":[{\"@type\":\"ReadAction\",\"target\":[\"https:\/\/www.dierre.com\/fr\/new-alutech-44-fiabilite-et-design-pour-tous-les-espaces-publics\/\"]}]},{\"@type\":\"ImageObject\",\"inLanguage\":\"fr-FR\",\"@id\":\"https:\/\/www.dierre.com\/fr\/new-alutech-44-fiabilite-et-design-pour-tous-les-espaces-publics\/#primaryimage\",\"url\":\"https:\/\/www.dierre.com\/wp-content\/uploads\/2026\/01\/Dierre_New_Alutech_44.jpg\",\"contentUrl\":\"https:\/\/www.dierre.com\/wp-content\/uploads\/2026\/01\/Dierre_New_Alutech_44.jpg\",\"width\":1250,\"height\":521},{\"@type\":\"BreadcrumbList\",\"@id\":\"https:\/\/www.dierre.com\/fr\/new-alutech-44-fiabilite-et-design-pour-tous-les-espaces-publics\/#breadcrumb\",\"itemListElement\":[{\"@type\":\"ListItem\",\"position\":1,\"name\":\"Home\",\"item\":\"https:\/\/www.dierre.com\/fr\/\"},{\"@type\":\"ListItem\",\"position\":2,\"name\":\"New Alutech 44. Fiabilit\u00e9 et design pour tous les espaces publics\"}]},{\"@type\":\"WebSite\",\"@id\":\"https:\/\/www.dierre.com\/#website\",\"url\":\"https:\/\/www.dierre.com\/\",\"name\":\"Dierre\",\"description\":\"\",\"publisher\":{\"@id\":\"https:\/\/www.dierre.com\/#organization\"},\"potentialAction\":[{\"@type\":\"SearchAction\",\"target\":{\"@type\":\"EntryPoint\",\"urlTemplate\":\"https:\/\/www.dierre.com\/?s={search_term_string}\"},\"query-input\":{\"@type\":\"PropertyValueSpecification\",\"valueRequired\":true,\"valueName\":\"search_term_string\"}}],\"inLanguage\":\"fr-FR\"},{\"@type\":\"Organization\",\"@id\":\"https:\/\/www.dierre.com\/#organization\",\"name\":\"Dierre\",\"url\":\"https:\/\/www.dierre.com\/\",\"logo\":{\"@type\":\"ImageObject\",\"inLanguage\":\"fr-FR\",\"@id\":\"https:\/\/www.dierre.com\/#\/schema\/logo\/image\/\",\"url\":\"https:\/\/www.dierre.com\/wp-content\/uploads\/2023\/08\/dierre_organisation_logo.jpeg\",\"contentUrl\":\"https:\/\/www.dierre.com\/wp-content\/uploads\/2023\/08\/dierre_organisation_logo.jpeg\",\"width\":696,\"height\":696,\"caption\":\"Dierre\"},\"image\":{\"@id\":\"https:\/\/www.dierre.com\/#\/schema\/logo\/image\/\"}}]}<\/script>\n<!-- \/ Yoast SEO plugin. -->","yoast_head_json":{"title":"New Alutech 44. Fiabilit\u00e9 et design pour tous les espaces publics - Dierre","robots":{"index":"index","follow":"follow","max-snippet":"max-snippet:-1","max-image-preview":"max-image-preview:large","max-video-preview":"max-video-preview:-1"},"canonical":"https:\/\/www.dierre.com\/fr\/new-alutech-44-fiabilite-et-design-pour-tous-les-espaces-publics\/","og_locale":"fr_FR","og_type":"article","og_title":"New Alutech 44. Fiabilit\u00e9 et design pour tous les espaces publics - Dierre","og_description":"Fiable et design : New Alutech 44, une porte parfaite pour tous les espaces publics. New Alutech 44, la nouvelle collection de portes techniques de Dierre aux finitions faciles \u00e0 assortir, car en phase avec le style, les go\u00fbts et les tendances d&rsquo;aujourd&rsquo;hui. Pour ceux qui aiment bien vivre, pour un espace commun soign\u00e9 dans ...","og_url":"https:\/\/www.dierre.com\/fr\/new-alutech-44-fiabilite-et-design-pour-tous-les-espaces-publics\/","og_site_name":"Dierre","og_image":[{"width":1250,"height":521,"url":"https:\/\/www.dierre.com\/wp-content\/uploads\/2026\/01\/Dierre_New_Alutech_44.jpg","type":"image\/jpeg"}],"twitter_card":"summary_large_image","twitter_misc":{"Dur\u00e9e de lecture estim\u00e9e":"1 minute"},"schema":{"@context":"https:\/\/schema.org","@graph":[{"@type":"WebPage","@id":"https:\/\/www.dierre.com\/fr\/new-alutech-44-fiabilite-et-design-pour-tous-les-espaces-publics\/","url":"https:\/\/www.dierre.com\/fr\/new-alutech-44-fiabilite-et-design-pour-tous-les-espaces-publics\/","name":"New Alutech 44. Fiabilit\u00e9 et design pour tous les espaces publics - Dierre","isPartOf":{"@id":"https:\/\/www.dierre.com\/#website"},"primaryImageOfPage":{"@id":"https:\/\/www.dierre.com\/fr\/new-alutech-44-fiabilite-et-design-pour-tous-les-espaces-publics\/#primaryimage"},"image":{"@id":"https:\/\/www.dierre.com\/fr\/new-alutech-44-fiabilite-et-design-pour-tous-les-espaces-publics\/#primaryimage"},"thumbnailUrl":"https:\/\/www.dierre.com\/wp-content\/uploads\/2026\/01\/Dierre_New_Alutech_44.jpg","datePublished":"2026-01-21T13:36:02+00:00","breadcrumb":{"@id":"https:\/\/www.dierre.com\/fr\/new-alutech-44-fiabilite-et-design-pour-tous-les-espaces-publics\/#breadcrumb"},"inLanguage":"fr-FR","potentialAction":[{"@type":"ReadAction","target":["https:\/\/www.dierre.com\/fr\/new-alutech-44-fiabilite-et-design-pour-tous-les-espaces-publics\/"]}]},{"@type":"ImageObject","inLanguage":"fr-FR","@id":"https:\/\/www.dierre.com\/fr\/new-alutech-44-fiabilite-et-design-pour-tous-les-espaces-publics\/#primaryimage","url":"https:\/\/www.dierre.com\/wp-content\/uploads\/2026\/01\/Dierre_New_Alutech_44.jpg","contentUrl":"https:\/\/www.dierre.com\/wp-content\/uploads\/2026\/01\/Dierre_New_Alutech_44.jpg","width":1250,"height":521},{"@type":"BreadcrumbList","@id":"https:\/\/www.dierre.com\/fr\/new-alutech-44-fiabilite-et-design-pour-tous-les-espaces-publics\/#breadcrumb","itemListElement":[{"@type":"ListItem","position":1,"name":"Home","item":"https:\/\/www.dierre.com\/fr\/"},{"@type":"ListItem","position":2,"name":"New Alutech 44. Fiabilit\u00e9 et design pour tous les espaces publics"}]},{"@type":"WebSite","@id":"https:\/\/www.dierre.com\/#website","url":"https:\/\/www.dierre.com\/","name":"Dierre","description":"","publisher":{"@id":"https:\/\/www.dierre.com\/#organization"},"potentialAction":[{"@type":"SearchAction","target":{"@type":"EntryPoint","urlTemplate":"https:\/\/www.dierre.com\/?s={search_term_string}"},"query-input":{"@type":"PropertyValueSpecification","valueRequired":true,"valueName":"search_term_string"}}],"inLanguage":"fr-FR"},{"@type":"Organization","@id":"https:\/\/www.dierre.com\/#organization","name":"Dierre","url":"https:\/\/www.dierre.com\/","logo":{"@type":"ImageObject","inLanguage":"fr-FR","@id":"https:\/\/www.dierre.com\/#\/schema\/logo\/image\/","url":"https:\/\/www.dierre.com\/wp-content\/uploads\/2023\/08\/dierre_organisation_logo.jpeg","contentUrl":"https:\/\/www.dierre.com\/wp-content\/uploads\/2023\/08\/dierre_organisation_logo.jpeg","width":696,"height":696,"caption":"Dierre"},"image":{"@id":"https:\/\/www.dierre.com\/#\/schema\/logo\/image\/"}}]}},"_links":{"self":[{"href":"https:\/\/www.dierre.com\/fr\/wp-json\/wp\/v2\/pages\/26640","targetHints":{"allow":["GET"]}}],"collection":[{"href":"https:\/\/www.dierre.com\/fr\/wp-json\/wp\/v2\/pages"}],"about":[{"href":"https:\/\/www.dierre.com\/fr\/wp-json\/wp\/v2\/types\/page"}],"author":[{"embeddable":true,"href":"https:\/\/www.dierre.com\/fr\/wp-json\/wp\/v2\/users\/1"}],"replies":[{"embeddable":true,"href":"https:\/\/www.dierre.com\/fr\/wp-json\/wp\/v2\/comments?post=26640"}],"version-history":[{"count":1,"href":"https:\/\/www.dierre.com\/fr\/wp-json\/wp\/v2\/pages\/26640\/revisions"}],"predecessor-version":[{"id":26813,"href":"https:\/\/www.dierre.com\/fr\/wp-json\/wp\/v2\/pages\/26640\/revisions\/26813"}],"wp:featuredmedia":[{"embeddable":true,"href":"https:\/\/www.dierre.com\/fr\/wp-json\/wp\/v2\/media\/26652"}],"wp:attachment":[{"href":"https:\/\/www.dierre.com\/fr\/wp-json\/wp\/v2\/media?parent=26640"}],"curies":[{"name":"wp","href":"https:\/\/api.w.org\/{rel}","templated":true}]}}