{"id":27394,"date":"2026-02-06T14:18:47","date_gmt":"2026-02-06T13:18:47","guid":{"rendered":"https:\/\/www.dierre.com\/?page_id=27394"},"modified":"2026-02-06T14:18:47","modified_gmt":"2026-02-06T13:18:47","slug":"manuali-selettore","status":"publish","type":"page","link":"https:\/\/www.dierre.com\/fr\/manuali-selettore\/","title":{"rendered":"Manuali di uso e manutenzione: selettore rotativo"},"content":{"rendered":"<p class=\"p1\">T\u00e9l\u00e9chargez le manuel souhait\u00e9 dans les sections ci-dessous.<\/p>\n","protected":false},"excerpt":{"rendered":"<p>T\u00e9l\u00e9chargez le manuel souhait\u00e9 dans les sections ci-dessous.<\/p>\n","protected":false},"author":1,"featured_media":26692,"parent":0,"menu_order":0,"comment_status":"closed","ping_status":"closed","template":"template-realizzazioni_stile_one_page.php","meta":{"_acf_changed":false,"footnotes":""},"class_list":["post-27394","page","type-page","status-publish","has-post-thumbnail","hentry"],"acf":[],"yoast_head":"<!-- This site is optimized with the Yoast SEO plugin v26.7 - https:\/\/yoast.com\/wordpress\/plugins\/seo\/ -->\n<title>Manuali di uso e manutenzione: selettore rotativo - Dierre<\/title>\n<meta name=\"description\" content=\"Sei un progettista? Scarica ora l&#039;ABCDierre, una guida semplice e completa per comprendere tutti sui prodotti. Creato per i professionisti.\" \/>\n<meta name=\"robots\" content=\"index, follow, max-snippet:-1, max-image-preview:large, max-video-preview:-1\" \/>\n<link rel=\"canonical\" href=\"https:\/\/www.dierre.com\/fr\/manuali-selettore\/\" \/>\n<meta property=\"og:locale\" content=\"fr_FR\" \/>\n<meta property=\"og:type\" content=\"article\" \/>\n<meta property=\"og:title\" content=\"Manuali di uso e manutenzione: selettore rotativo - Dierre\" \/>\n<meta property=\"og:description\" content=\"Sei un progettista? Scarica ora l&#039;ABCDierre, una guida semplice e completa per comprendere tutti sui prodotti. Creato per i professionisti.\" \/>\n<meta property=\"og:url\" content=\"https:\/\/www.dierre.com\/fr\/manuali-selettore\/\" \/>\n<meta property=\"og:site_name\" content=\"Dierre\" \/>\n<meta property=\"og:image\" content=\"https:\/\/www.dierre.com\/wp-content\/uploads\/2026\/01\/lptecniche.jpg\" \/>\n\t<meta property=\"og:image:width\" content=\"1920\" \/>\n\t<meta property=\"og:image:height\" content=\"1080\" \/>\n\t<meta property=\"og:image:type\" content=\"image\/jpeg\" \/>\n<meta name=\"twitter:card\" content=\"summary_large_image\" \/>\n<meta name=\"twitter:label1\" content=\"Dur\u00e9e de lecture estim\u00e9e\" \/>\n\t<meta name=\"twitter:data1\" content=\"1 minute\" \/>\n<script type=\"application\/ld+json\" class=\"yoast-schema-graph\">{\"@context\":\"https:\/\/schema.org\",\"@graph\":[{\"@type\":\"WebPage\",\"@id\":\"https:\/\/www.dierre.com\/fr\/manuali-selettore\/\",\"url\":\"https:\/\/www.dierre.com\/fr\/manuali-selettore\/\",\"name\":\"Manuali di uso e manutenzione: selettore rotativo - Dierre\",\"isPartOf\":{\"@id\":\"https:\/\/www.dierre.com\/#website\"},\"primaryImageOfPage\":{\"@id\":\"https:\/\/www.dierre.com\/fr\/manuali-selettore\/#primaryimage\"},\"image\":{\"@id\":\"https:\/\/www.dierre.com\/fr\/manuali-selettore\/#primaryimage\"},\"thumbnailUrl\":\"https:\/\/www.dierre.com\/wp-content\/uploads\/2026\/01\/lptecniche.jpg\",\"datePublished\":\"2026-02-06T13:18:47+00:00\",\"description\":\"Sei un progettista? Scarica ora l'ABCDierre, una guida semplice e completa per comprendere tutti sui prodotti. Creato per i professionisti.\",\"breadcrumb\":{\"@id\":\"https:\/\/www.dierre.com\/fr\/manuali-selettore\/#breadcrumb\"},\"inLanguage\":\"fr-FR\",\"potentialAction\":[{\"@type\":\"ReadAction\",\"target\":[\"https:\/\/www.dierre.com\/fr\/manuali-selettore\/\"]}]},{\"@type\":\"ImageObject\",\"inLanguage\":\"fr-FR\",\"@id\":\"https:\/\/www.dierre.com\/fr\/manuali-selettore\/#primaryimage\",\"url\":\"https:\/\/www.dierre.com\/wp-content\/uploads\/2026\/01\/lptecniche.jpg\",\"contentUrl\":\"https:\/\/www.dierre.com\/wp-content\/uploads\/2026\/01\/lptecniche.jpg\",\"width\":1920,\"height\":1080},{\"@type\":\"BreadcrumbList\",\"@id\":\"https:\/\/www.dierre.com\/fr\/manuali-selettore\/#breadcrumb\",\"itemListElement\":[{\"@type\":\"ListItem\",\"position\":1,\"name\":\"Home\",\"item\":\"https:\/\/www.dierre.com\/fr\/\"},{\"@type\":\"ListItem\",\"position\":2,\"name\":\"Manuali di uso e manutenzione: selettore rotativo\"}]},{\"@type\":\"WebSite\",\"@id\":\"https:\/\/www.dierre.com\/#website\",\"url\":\"https:\/\/www.dierre.com\/\",\"name\":\"Dierre\",\"description\":\"\",\"publisher\":{\"@id\":\"https:\/\/www.dierre.com\/#organization\"},\"potentialAction\":[{\"@type\":\"SearchAction\",\"target\":{\"@type\":\"EntryPoint\",\"urlTemplate\":\"https:\/\/www.dierre.com\/?s={search_term_string}\"},\"query-input\":{\"@type\":\"PropertyValueSpecification\",\"valueRequired\":true,\"valueName\":\"search_term_string\"}}],\"inLanguage\":\"fr-FR\"},{\"@type\":\"Organization\",\"@id\":\"https:\/\/www.dierre.com\/#organization\",\"name\":\"Dierre\",\"url\":\"https:\/\/www.dierre.com\/\",\"logo\":{\"@type\":\"ImageObject\",\"inLanguage\":\"fr-FR\",\"@id\":\"https:\/\/www.dierre.com\/#\/schema\/logo\/image\/\",\"url\":\"https:\/\/www.dierre.com\/wp-content\/uploads\/2023\/08\/dierre_organisation_logo.jpeg\",\"contentUrl\":\"https:\/\/www.dierre.com\/wp-content\/uploads\/2023\/08\/dierre_organisation_logo.jpeg\",\"width\":696,\"height\":696,\"caption\":\"Dierre\"},\"image\":{\"@id\":\"https:\/\/www.dierre.com\/#\/schema\/logo\/image\/\"}}]}<\/script>\n<!-- \/ Yoast SEO plugin. -->","yoast_head_json":{"title":"Manuali di uso e manutenzione: selettore rotativo - Dierre","description":"Sei un progettista? Scarica ora l'ABCDierre, una guida semplice e completa per comprendere tutti sui prodotti. Creato per i professionisti.","robots":{"index":"index","follow":"follow","max-snippet":"max-snippet:-1","max-image-preview":"max-image-preview:large","max-video-preview":"max-video-preview:-1"},"canonical":"https:\/\/www.dierre.com\/fr\/manuali-selettore\/","og_locale":"fr_FR","og_type":"article","og_title":"Manuali di uso e manutenzione: selettore rotativo - Dierre","og_description":"Sei un progettista? Scarica ora l'ABCDierre, una guida semplice e completa per comprendere tutti sui prodotti. Creato per i professionisti.","og_url":"https:\/\/www.dierre.com\/fr\/manuali-selettore\/","og_site_name":"Dierre","og_image":[{"width":1920,"height":1080,"url":"https:\/\/www.dierre.com\/wp-content\/uploads\/2026\/01\/lptecniche.jpg","type":"image\/jpeg"}],"twitter_card":"summary_large_image","twitter_misc":{"Dur\u00e9e de lecture estim\u00e9e":"1 minute"},"schema":{"@context":"https:\/\/schema.org","@graph":[{"@type":"WebPage","@id":"https:\/\/www.dierre.com\/fr\/manuali-selettore\/","url":"https:\/\/www.dierre.com\/fr\/manuali-selettore\/","name":"Manuali di uso e manutenzione: selettore rotativo - Dierre","isPartOf":{"@id":"https:\/\/www.dierre.com\/#website"},"primaryImageOfPage":{"@id":"https:\/\/www.dierre.com\/fr\/manuali-selettore\/#primaryimage"},"image":{"@id":"https:\/\/www.dierre.com\/fr\/manuali-selettore\/#primaryimage"},"thumbnailUrl":"https:\/\/www.dierre.com\/wp-content\/uploads\/2026\/01\/lptecniche.jpg","datePublished":"2026-02-06T13:18:47+00:00","description":"Sei un progettista? Scarica ora l'ABCDierre, una guida semplice e completa per comprendere tutti sui prodotti. Creato per i professionisti.","breadcrumb":{"@id":"https:\/\/www.dierre.com\/fr\/manuali-selettore\/#breadcrumb"},"inLanguage":"fr-FR","potentialAction":[{"@type":"ReadAction","target":["https:\/\/www.dierre.com\/fr\/manuali-selettore\/"]}]},{"@type":"ImageObject","inLanguage":"fr-FR","@id":"https:\/\/www.dierre.com\/fr\/manuali-selettore\/#primaryimage","url":"https:\/\/www.dierre.com\/wp-content\/uploads\/2026\/01\/lptecniche.jpg","contentUrl":"https:\/\/www.dierre.com\/wp-content\/uploads\/2026\/01\/lptecniche.jpg","width":1920,"height":1080},{"@type":"BreadcrumbList","@id":"https:\/\/www.dierre.com\/fr\/manuali-selettore\/#breadcrumb","itemListElement":[{"@type":"ListItem","position":1,"name":"Home","item":"https:\/\/www.dierre.com\/fr\/"},{"@type":"ListItem","position":2,"name":"Manuali di uso e manutenzione: selettore rotativo"}]},{"@type":"WebSite","@id":"https:\/\/www.dierre.com\/#website","url":"https:\/\/www.dierre.com\/","name":"Dierre","description":"","publisher":{"@id":"https:\/\/www.dierre.com\/#organization"},"potentialAction":[{"@type":"SearchAction","target":{"@type":"EntryPoint","urlTemplate":"https:\/\/www.dierre.com\/?s={search_term_string}"},"query-input":{"@type":"PropertyValueSpecification","valueRequired":true,"valueName":"search_term_string"}}],"inLanguage":"fr-FR"},{"@type":"Organization","@id":"https:\/\/www.dierre.com\/#organization","name":"Dierre","url":"https:\/\/www.dierre.com\/","logo":{"@type":"ImageObject","inLanguage":"fr-FR","@id":"https:\/\/www.dierre.com\/#\/schema\/logo\/image\/","url":"https:\/\/www.dierre.com\/wp-content\/uploads\/2023\/08\/dierre_organisation_logo.jpeg","contentUrl":"https:\/\/www.dierre.com\/wp-content\/uploads\/2023\/08\/dierre_organisation_logo.jpeg","width":696,"height":696,"caption":"Dierre"},"image":{"@id":"https:\/\/www.dierre.com\/#\/schema\/logo\/image\/"}}]}},"_links":{"self":[{"href":"https:\/\/www.dierre.com\/fr\/wp-json\/wp\/v2\/pages\/27394","targetHints":{"allow":["GET"]}}],"collection":[{"href":"https:\/\/www.dierre.com\/fr\/wp-json\/wp\/v2\/pages"}],"about":[{"href":"https:\/\/www.dierre.com\/fr\/wp-json\/wp\/v2\/types\/page"}],"author":[{"embeddable":true,"href":"https:\/\/www.dierre.com\/fr\/wp-json\/wp\/v2\/users\/1"}],"replies":[{"embeddable":true,"href":"https:\/\/www.dierre.com\/fr\/wp-json\/wp\/v2\/comments?post=27394"}],"version-history":[{"count":4,"href":"https:\/\/www.dierre.com\/fr\/wp-json\/wp\/v2\/pages\/27394\/revisions"}],"predecessor-version":[{"id":27432,"href":"https:\/\/www.dierre.com\/fr\/wp-json\/wp\/v2\/pages\/27394\/revisions\/27432"}],"wp:featuredmedia":[{"embeddable":true,"href":"https:\/\/www.dierre.com\/fr\/wp-json\/wp\/v2\/media\/26692"}],"wp:attachment":[{"href":"https:\/\/www.dierre.com\/fr\/wp-json\/wp\/v2\/media?parent=27394"}],"curies":[{"name":"wp","href":"https:\/\/api.w.org\/{rel}","templated":true}]}}