{"id":26703,"date":"2026-02-06T12:48:38","date_gmt":"2026-02-06T11:48:38","guid":{"rendered":"https:\/\/www.dierre.com\/?page_id=26703"},"modified":"2026-04-09T16:06:48","modified_gmt":"2026-04-09T14:06:48","slug":"manuali-next","status":"publish","type":"page","link":"https:\/\/www.dierre.com\/pt-pt\/manuali-next\/","title":{"rendered":"Manuali di uso e manutenzione: Next Elettra"},"content":{"rendered":"<p class=\"p1\">Fa\u00e7a o download do manual pretendido nas sec\u00e7\u00f5es abaixo.<\/p>\n","protected":false},"excerpt":{"rendered":"<p>Fa\u00e7a o download do manual pretendido nas sec\u00e7\u00f5es abaixo.<\/p>\n","protected":false},"author":1,"featured_media":26695,"parent":0,"menu_order":0,"comment_status":"closed","ping_status":"closed","template":"template-realizzazioni_stile_one_page.php","meta":{"_acf_changed":false,"footnotes":""},"class_list":["post-26703","page","type-page","status-publish","has-post-thumbnail","hentry"],"acf":[],"yoast_head":"<!-- This site is optimized with the Yoast SEO plugin v26.7 - https:\/\/yoast.com\/wordpress\/plugins\/seo\/ -->\n<title>Manuali di uso e manutenzione: Next Elettra - Dierre<\/title>\n<meta name=\"description\" content=\"Sei un progettista? Scarica ora l&#039;ABCDierre, una guida semplice e completa per comprendere tutti sui prodotti. Creato per i professionisti.\" \/>\n<meta name=\"robots\" content=\"index, follow, max-snippet:-1, max-image-preview:large, max-video-preview:-1\" \/>\n<link rel=\"canonical\" href=\"https:\/\/www.dierre.com\/pt-pt\/manuali-next\/\" \/>\n<meta property=\"og:locale\" content=\"pt_PT\" \/>\n<meta property=\"og:type\" content=\"article\" \/>\n<meta property=\"og:title\" content=\"Manuali di uso e manutenzione: Next Elettra - Dierre\" \/>\n<meta property=\"og:description\" content=\"Sei un progettista? Scarica ora l&#039;ABCDierre, una guida semplice e completa per comprendere tutti sui prodotti. Creato per i professionisti.\" \/>\n<meta property=\"og:url\" content=\"https:\/\/www.dierre.com\/pt-pt\/manuali-next\/\" \/>\n<meta property=\"og:site_name\" content=\"Dierre\" \/>\n<meta property=\"article:modified_time\" content=\"2026-04-09T14:06:48+00:00\" \/>\n<meta property=\"og:image\" content=\"https:\/\/www.dierre.com\/wp-content\/uploads\/2026\/01\/lptecniche.jpg\" \/>\n\t<meta property=\"og:image:width\" content=\"1920\" \/>\n\t<meta property=\"og:image:height\" content=\"1080\" \/>\n\t<meta property=\"og:image:type\" content=\"image\/jpeg\" \/>\n<meta name=\"twitter:card\" content=\"summary_large_image\" \/>\n<meta name=\"twitter:label1\" content=\"Tempo estimado de leitura\" \/>\n\t<meta name=\"twitter:data1\" content=\"1 minuto\" \/>\n<script type=\"application\/ld+json\" class=\"yoast-schema-graph\">{\"@context\":\"https:\/\/schema.org\",\"@graph\":[{\"@type\":\"WebPage\",\"@id\":\"https:\/\/www.dierre.com\/pt-pt\/manuali-next\/\",\"url\":\"https:\/\/www.dierre.com\/pt-pt\/manuali-next\/\",\"name\":\"Manuali di uso e manutenzione: Next Elettra - Dierre\",\"isPartOf\":{\"@id\":\"https:\/\/www.dierre.com\/#website\"},\"primaryImageOfPage\":{\"@id\":\"https:\/\/www.dierre.com\/pt-pt\/manuali-next\/#primaryimage\"},\"image\":{\"@id\":\"https:\/\/www.dierre.com\/pt-pt\/manuali-next\/#primaryimage\"},\"thumbnailUrl\":\"https:\/\/www.dierre.com\/wp-content\/uploads\/2026\/01\/lptecniche.jpg\",\"datePublished\":\"2026-02-06T11:48:38+00:00\",\"dateModified\":\"2026-04-09T14:06:48+00:00\",\"description\":\"Sei un progettista? Scarica ora l'ABCDierre, una guida semplice e completa per comprendere tutti sui prodotti. Creato per i professionisti.\",\"breadcrumb\":{\"@id\":\"https:\/\/www.dierre.com\/pt-pt\/manuali-next\/#breadcrumb\"},\"inLanguage\":\"pt-PT\",\"potentialAction\":[{\"@type\":\"ReadAction\",\"target\":[\"https:\/\/www.dierre.com\/pt-pt\/manuali-next\/\"]}]},{\"@type\":\"ImageObject\",\"inLanguage\":\"pt-PT\",\"@id\":\"https:\/\/www.dierre.com\/pt-pt\/manuali-next\/#primaryimage\",\"url\":\"https:\/\/www.dierre.com\/wp-content\/uploads\/2026\/01\/lptecniche.jpg\",\"contentUrl\":\"https:\/\/www.dierre.com\/wp-content\/uploads\/2026\/01\/lptecniche.jpg\",\"width\":1920,\"height\":1080},{\"@type\":\"BreadcrumbList\",\"@id\":\"https:\/\/www.dierre.com\/pt-pt\/manuali-next\/#breadcrumb\",\"itemListElement\":[{\"@type\":\"ListItem\",\"position\":1,\"name\":\"Home\",\"item\":\"https:\/\/www.dierre.com\/\"},{\"@type\":\"ListItem\",\"position\":2,\"name\":\"Manuali di uso e manutenzione: Next Elettra\"}]},{\"@type\":\"WebSite\",\"@id\":\"https:\/\/www.dierre.com\/#website\",\"url\":\"https:\/\/www.dierre.com\/\",\"name\":\"Dierre\",\"description\":\"\",\"publisher\":{\"@id\":\"https:\/\/www.dierre.com\/#organization\"},\"potentialAction\":[{\"@type\":\"SearchAction\",\"target\":{\"@type\":\"EntryPoint\",\"urlTemplate\":\"https:\/\/www.dierre.com\/?s={search_term_string}\"},\"query-input\":{\"@type\":\"PropertyValueSpecification\",\"valueRequired\":true,\"valueName\":\"search_term_string\"}}],\"inLanguage\":\"pt-PT\"},{\"@type\":\"Organization\",\"@id\":\"https:\/\/www.dierre.com\/#organization\",\"name\":\"Dierre\",\"url\":\"https:\/\/www.dierre.com\/\",\"logo\":{\"@type\":\"ImageObject\",\"inLanguage\":\"pt-PT\",\"@id\":\"https:\/\/www.dierre.com\/#\/schema\/logo\/image\/\",\"url\":\"https:\/\/www.dierre.com\/wp-content\/uploads\/2023\/08\/dierre_organisation_logo.jpeg\",\"contentUrl\":\"https:\/\/www.dierre.com\/wp-content\/uploads\/2023\/08\/dierre_organisation_logo.jpeg\",\"width\":696,\"height\":696,\"caption\":\"Dierre\"},\"image\":{\"@id\":\"https:\/\/www.dierre.com\/#\/schema\/logo\/image\/\"}}]}<\/script>\n<!-- \/ Yoast SEO plugin. -->","yoast_head_json":{"title":"Manuali di uso e manutenzione: Next Elettra - Dierre","description":"Sei un progettista? Scarica ora l'ABCDierre, una guida semplice e completa per comprendere tutti sui prodotti. Creato per i professionisti.","robots":{"index":"index","follow":"follow","max-snippet":"max-snippet:-1","max-image-preview":"max-image-preview:large","max-video-preview":"max-video-preview:-1"},"canonical":"https:\/\/www.dierre.com\/pt-pt\/manuali-next\/","og_locale":"pt_PT","og_type":"article","og_title":"Manuali di uso e manutenzione: Next Elettra - Dierre","og_description":"Sei un progettista? Scarica ora l'ABCDierre, una guida semplice e completa per comprendere tutti sui prodotti. Creato per i professionisti.","og_url":"https:\/\/www.dierre.com\/pt-pt\/manuali-next\/","og_site_name":"Dierre","article_modified_time":"2026-04-09T14:06:48+00:00","og_image":[{"width":1920,"height":1080,"url":"https:\/\/www.dierre.com\/wp-content\/uploads\/2026\/01\/lptecniche.jpg","type":"image\/jpeg"}],"twitter_card":"summary_large_image","twitter_misc":{"Tempo estimado de leitura":"1 minuto"},"schema":{"@context":"https:\/\/schema.org","@graph":[{"@type":"WebPage","@id":"https:\/\/www.dierre.com\/pt-pt\/manuali-next\/","url":"https:\/\/www.dierre.com\/pt-pt\/manuali-next\/","name":"Manuali di uso e manutenzione: Next Elettra - Dierre","isPartOf":{"@id":"https:\/\/www.dierre.com\/#website"},"primaryImageOfPage":{"@id":"https:\/\/www.dierre.com\/pt-pt\/manuali-next\/#primaryimage"},"image":{"@id":"https:\/\/www.dierre.com\/pt-pt\/manuali-next\/#primaryimage"},"thumbnailUrl":"https:\/\/www.dierre.com\/wp-content\/uploads\/2026\/01\/lptecniche.jpg","datePublished":"2026-02-06T11:48:38+00:00","dateModified":"2026-04-09T14:06:48+00:00","description":"Sei un progettista? Scarica ora l'ABCDierre, una guida semplice e completa per comprendere tutti sui prodotti. Creato per i professionisti.","breadcrumb":{"@id":"https:\/\/www.dierre.com\/pt-pt\/manuali-next\/#breadcrumb"},"inLanguage":"pt-PT","potentialAction":[{"@type":"ReadAction","target":["https:\/\/www.dierre.com\/pt-pt\/manuali-next\/"]}]},{"@type":"ImageObject","inLanguage":"pt-PT","@id":"https:\/\/www.dierre.com\/pt-pt\/manuali-next\/#primaryimage","url":"https:\/\/www.dierre.com\/wp-content\/uploads\/2026\/01\/lptecniche.jpg","contentUrl":"https:\/\/www.dierre.com\/wp-content\/uploads\/2026\/01\/lptecniche.jpg","width":1920,"height":1080},{"@type":"BreadcrumbList","@id":"https:\/\/www.dierre.com\/pt-pt\/manuali-next\/#breadcrumb","itemListElement":[{"@type":"ListItem","position":1,"name":"Home","item":"https:\/\/www.dierre.com\/"},{"@type":"ListItem","position":2,"name":"Manuali di uso e manutenzione: Next Elettra"}]},{"@type":"WebSite","@id":"https:\/\/www.dierre.com\/#website","url":"https:\/\/www.dierre.com\/","name":"Dierre","description":"","publisher":{"@id":"https:\/\/www.dierre.com\/#organization"},"potentialAction":[{"@type":"SearchAction","target":{"@type":"EntryPoint","urlTemplate":"https:\/\/www.dierre.com\/?s={search_term_string}"},"query-input":{"@type":"PropertyValueSpecification","valueRequired":true,"valueName":"search_term_string"}}],"inLanguage":"pt-PT"},{"@type":"Organization","@id":"https:\/\/www.dierre.com\/#organization","name":"Dierre","url":"https:\/\/www.dierre.com\/","logo":{"@type":"ImageObject","inLanguage":"pt-PT","@id":"https:\/\/www.dierre.com\/#\/schema\/logo\/image\/","url":"https:\/\/www.dierre.com\/wp-content\/uploads\/2023\/08\/dierre_organisation_logo.jpeg","contentUrl":"https:\/\/www.dierre.com\/wp-content\/uploads\/2023\/08\/dierre_organisation_logo.jpeg","width":696,"height":696,"caption":"Dierre"},"image":{"@id":"https:\/\/www.dierre.com\/#\/schema\/logo\/image\/"}}]}},"_links":{"self":[{"href":"https:\/\/www.dierre.com\/pt-pt\/wp-json\/wp\/v2\/pages\/26703","targetHints":{"allow":["GET"]}}],"collection":[{"href":"https:\/\/www.dierre.com\/pt-pt\/wp-json\/wp\/v2\/pages"}],"about":[{"href":"https:\/\/www.dierre.com\/pt-pt\/wp-json\/wp\/v2\/types\/page"}],"author":[{"embeddable":true,"href":"https:\/\/www.dierre.com\/pt-pt\/wp-json\/wp\/v2\/users\/1"}],"replies":[{"embeddable":true,"href":"https:\/\/www.dierre.com\/pt-pt\/wp-json\/wp\/v2\/comments?post=26703"}],"version-history":[{"count":8,"href":"https:\/\/www.dierre.com\/pt-pt\/wp-json\/wp\/v2\/pages\/26703\/revisions"}],"predecessor-version":[{"id":28009,"href":"https:\/\/www.dierre.com\/pt-pt\/wp-json\/wp\/v2\/pages\/26703\/revisions\/28009"}],"wp:featuredmedia":[{"embeddable":true,"href":"https:\/\/www.dierre.com\/pt-pt\/wp-json\/wp\/v2\/media\/26695"}],"wp:attachment":[{"href":"https:\/\/www.dierre.com\/pt-pt\/wp-json\/wp\/v2\/media?parent=26703"}],"curies":[{"name":"wp","href":"https:\/\/api.w.org\/{rel}","templated":true}]}}